{"id":2,"date":"2024-12-11T23:38:39","date_gmt":"2024-12-11T22:38:39","guid":{"rendered":"https:\/\/phenomenal-pellerin-l6a.zipwp.link\/?page_id=2"},"modified":"2024-12-11T23:38:39","modified_gmt":"2024-12-11T22:38:39","slug":"beispielseite","status":"publish","type":"page","link":"https:\/\/zirulabag.com\/de\/beispielseite\/","title":{"rendered":"Beispielseite"},"content":{"rendered":"<p>This is an example page. It&#8217;s different from a blog post because it will stay in one place and will show up in your site navigation (in most themes). Most people start with an About page that introduces them to potential site visitors. It might say something like this:<\/p>\n\n\n\n<blockquote class=\"wp-block-quote is-layout-flow wp-block-quote-is-layout-flow\"><p>Hi there! I&#8217;m a bike messenger by day, aspiring actor by night, and this is my website. I live in Los Angeles, have a great dog named Jack, and I like pi&#241;a coladas. (And gettin&#8217; caught in the rain.)<\/p><\/blockquote>\n\n\n\n<p>&#8230;or something like this:<\/p>\n\n\n\n<blockquote class=\"wp-block-quote is-layout-flow wp-block-quote-is-layout-flow\"><p>Die XYZ Doohickey Company wurde 1971 gegr\u00fcndet und liefert seitdem hochwertige Doohickeys an die \u00d6ffentlichkeit. XYZ hat seinen Sitz in Gotham City und besch\u00e4ftigt \u00fcber 2.000 Mitarbeiter, die alle m\u00f6glichen gro\u00dfartigen Dinge f\u00fcr die Gotham Community tun.<\/p><\/blockquote>\n\n\n\n<p>Als neuer WordPress-Benutzer sollten Sie zu <a href=\"https:\/\/www.myscarfinabox.com\/wp-admin\/\">Ihr Armaturenbrett<\/a> um diese Seite zu l\u00f6schen und neue Seiten f\u00fcr Ihren Inhalt zu erstellen. Viel Spa\u00df!<\/p>","protected":false},"excerpt":{"rendered":"<p>This is an example page. It&#8217;s different from a blog post because it will stay in one place and will show up in your site navigation (in most themes). Most people start with an About page that introduces them to potential site visitors. It might say something like this: Hi there! I&#8217;m a bike messenger&#8230;<\/p>","protected":false},"author":1,"featured_media":0,"parent":0,"menu_order":0,"comment_status":"closed","ping_status":"open","template":"","meta":{"inline_featured_image":false,"_kad_post_transparent":"","_kad_post_title":"","_kad_post_layout":"","_kad_post_sidebar_id":"","_kad_post_content_style":"","_kad_post_vertical_padding":"","_kad_post_feature":"","_kad_post_feature_position":"","_kad_post_header":false,"_kad_post_footer":false,"_kad_post_classname":"","footnotes":""},"class_list":["post-2","page","type-page","status-publish","hentry"],"_links":{"self":[{"href":"https:\/\/zirulabag.com\/de\/wp-json\/wp\/v2\/pages\/2","targetHints":{"allow":["GET"]}}],"collection":[{"href":"https:\/\/zirulabag.com\/de\/wp-json\/wp\/v2\/pages"}],"about":[{"href":"https:\/\/zirulabag.com\/de\/wp-json\/wp\/v2\/types\/page"}],"author":[{"embeddable":true,"href":"https:\/\/zirulabag.com\/de\/wp-json\/wp\/v2\/users\/1"}],"replies":[{"embeddable":true,"href":"https:\/\/zirulabag.com\/de\/wp-json\/wp\/v2\/comments?post=2"}],"version-history":[{"count":0,"href":"https:\/\/zirulabag.com\/de\/wp-json\/wp\/v2\/pages\/2\/revisions"}],"wp:attachment":[{"href":"https:\/\/zirulabag.com\/de\/wp-json\/wp\/v2\/media?parent=2"}],"curies":[{"name":"wp","href":"https:\/\/api.w.org\/{rel}","templated":true}]}}