{"id":22862,"date":"2024-12-11T23:38:39","date_gmt":"2024-12-11T22:38:39","guid":{"rendered":"https:\/\/www.myscarfinabox.com\/?page_id=22862"},"modified":"2024-12-11T23:38:39","modified_gmt":"2024-12-11T22:38:39","slug":"wer-wir-sind","status":"publish","type":"page","link":"https:\/\/zirulabag.com\/de\/wer-wir-sind\/","title":{"rendered":"\u00dcber uns"},"content":{"rendered":"<div data-elementor-type=\"wp-page\" data-elementor-id=\"22862\" class=\"elementor elementor-22862\" data-elementor-post-type=\"page\">\n\t\t\t\t<div class=\"elementor-element elementor-element-ec56444 e-flex e-con-boxed e-con e-parent\" data-id=\"ec56444\" data-element_type=\"container\" data-settings=\"{&quot;background_background&quot;:&quot;classic&quot;}\">\n\t\t\t\t\t<div class=\"e-con-inner\">\n\t\t\t\t\t<\/div>\n\t\t\t\t<\/div>\n\t\t<div class=\"elementor-element elementor-element-2baa1e4 e-con-full e-flex e-con e-parent\" data-id=\"2baa1e4\" data-element_type=\"container\" data-settings=\"{&quot;background_background&quot;:&quot;classic&quot;}\">\n\t\t<div class=\"elementor-element elementor-element-a67c99b e-con-full e-flex e-con e-child\" data-id=\"a67c99b\" data-element_type=\"container\" data-settings=\"{&quot;background_background&quot;:&quot;classic&quot;}\">\n\t\t<div class=\"elementor-element elementor-element-f88600e e-con-full e-flex e-con e-child\" data-id=\"f88600e\" data-element_type=\"container\">\n\t\t\t\t<div class=\"elementor-element elementor-element-9686a79 elementor-widget elementor-widget-image\" data-id=\"9686a79\" data-element_type=\"widget\" data-widget_type=\"image.default\">\n\t\t\t\t<div class=\"elementor-widget-container\">\n\t\t\t\t\t\t\t\t\t\t\t\t\t\t\t\t\t\t\t\t\t\t\t\t\t\t\t\t\t\t<\/div>\n\t\t\t\t<\/div>\n\t\t\t\t<\/div>\n\t\t<div class=\"elementor-element elementor-element-e437831 e-con-full e-flex e-con e-child\" data-id=\"e437831\" data-element_type=\"container\">\n\t\t\t\t<div class=\"elementor-element elementor-element-7120960 elementor-widget elementor-widget-heading\" data-id=\"7120960\" data-element_type=\"widget\" data-widget_type=\"heading.default\">\n\t\t\t\t<div class=\"elementor-widget-container\">\n\t\t\t\t\t<h2 class=\"elementor-heading-title elementor-size-default\">Mein Schal in einer Schachtel<\/h2>\t\t\t\t<\/div>\n\t\t\t\t<\/div>\n\t\t\t\t<div class=\"elementor-element elementor-element-f69ef4c elementor-widget elementor-widget-heading\" data-id=\"f69ef4c\" data-element_type=\"widget\" data-widget_type=\"heading.default\">\n\t\t\t\t<div class=\"elementor-widget-container\">\n\t\t\t\t\t<h2 class=\"elementor-heading-title elementor-size-default\">Der echte italienische Schal<\/h2>\t\t\t\t<\/div>\n\t\t\t\t<\/div>\n\t\t\t\t<div class=\"elementor-element elementor-element-5aa6d7b elementor-widget__width-initial elementor-widget elementor-widget-text-editor\" data-id=\"5aa6d7b\" data-element_type=\"widget\" data-widget_type=\"text-editor.default\">\n\t\t\t\t<div class=\"elementor-widget-container\">\n\t\t\t\t\t\t\t\t\t<p>Mein \"Scarf in a Box\" entstand aus dem Wunsch, den Schal von einem einfachen Accessoire in ein echtes Accessoire zu verwandeln. <strong>Designobjekt<\/strong>, utilizzando tecniche tradizionali italiane e ispirandoci ai luoghi pi\u00f9 iconici d\u2019Italia per i colori.<\/p><p>Wir sind Handwerker, Designer und Gestalter, vereint durch die Leidenschaft f\u00fcr die <strong>Hergestellt in Italien<\/strong> e dalla volont\u00e0 di creare un prodotto che rappresenti l\u2019eleganza e lo stile italiano che il mondo ci invidia. Ogni sciarpa che realizziamo \u00e8 frutto di una combinazione unica di tradizione artigianale e design moderno.<\/p>\t\t\t\t\t\t\t\t<\/div>\n\t\t\t\t<\/div>\n\t\t\t\t<div class=\"elementor-element elementor-element-d17bfbc elementor-align-left elementor-widget elementor-widget-button\" data-id=\"d17bfbc\" data-element_type=\"widget\" id=\"sec\" data-widget_type=\"button.default\">\n\t\t\t\t<div class=\"elementor-widget-container\">\n\t\t\t\t\t\t\t\t\t<div class=\"elementor-button-wrapper\">\n\t\t\t\t\t<a class=\"elementor-button elementor-button-link elementor-size-sm elementor-animation-grow\" href=\"\/de\/shop\/\">\n\t\t\t\t\t\t<span class=\"elementor-button-content-wrapper\">\n\t\t\t\t\t\t<span class=\"elementor-button-icon\">\n\t\t\t\t\t\t\t<\/span>\n\t\t\t\t\t\t\t\t\t<span class=\"elementor-button-text\">Zum Shop gehen<\/span>\n\t\t\t\t\t<\/span>\n\t\t\t\t\t<\/a>\n\t\t\t\t<\/div>\n\t\t\t\t\t\t\t\t<\/div>\n\t\t\t\t<\/div>\n\t\t\t\t<\/div>\n\t\t\t\t<\/div>\n\t\t\t\t<\/div>\n\t\t<div class=\"elementor-element elementor-element-46f0981 e-flex e-con-boxed e-con e-parent\" data-id=\"46f0981\" data-element_type=\"container\" data-settings=\"{&quot;background_background&quot;:&quot;classic&quot;}\">\n\t\t\t\t\t<div class=\"e-con-inner\">\n\t\t\t\t<div class=\"elementor-element elementor-element-f1e80f7 elementor-widget elementor-widget-heading\" data-id=\"f1e80f7\" data-element_type=\"widget\" data-widget_type=\"heading.default\">\n\t\t\t\t<div class=\"elementor-widget-container\">\n\t\t\t\t\t<h2 class=\"elementor-heading-title elementor-size-default\">Die Idee hinter My Scarf in a Box<\/h2>\t\t\t\t<\/div>\n\t\t\t\t<\/div>\n\t\t\t\t<div class=\"elementor-element elementor-element-cb2a569 elementor-widget elementor-widget-html\" data-id=\"cb2a569\" data-element_type=\"widget\" data-widget_type=\"html.default\">\n\t\t\t\t<div class=\"elementor-widget-container\">\n\t\t\t\t\t<div style=\"position:relative;padding-top:56.25%;\"><iframe src=\"https:\/\/iframe.mediadelivery.net\/embed\/30709\/3bcc6a69-72c4-4c66-8252-7b9750f62ec7?autoplay=false&loop=true&muted=false&preload=false&responsive=true\" loading=\"lazy\" style=\"border:0;position:absolute;top:0;height:100%;width:100%;\" allow=\"accelerometer;gyroscope;autoplay;encrypted-media;picture-in-picture;\" allowfullscreen=\"true\"><\/iframe><\/div>\t\t\t\t<\/div>\n\t\t\t\t<\/div>\n\t\t\t\t<div class=\"elementor-element elementor-element-4cf21f8 elementor-align-center elementor-mobile-align-center elementor-widget elementor-widget-button\" data-id=\"4cf21f8\" data-element_type=\"widget\" data-widget_type=\"button.default\">\n\t\t\t\t<div class=\"elementor-widget-container\">\n\t\t\t\t\t\t\t\t\t<div class=\"elementor-button-wrapper\">\n\t\t\t\t\t<a class=\"elementor-button elementor-button-link elementor-size-sm elementor-animation-grow\" href=\"\/de\/shop\/\">\n\t\t\t\t\t\t<span class=\"elementor-button-content-wrapper\">\n\t\t\t\t\t\t<span class=\"elementor-button-icon\">\n\t\t\t\t\t\t\t<\/span>\n\t\t\t\t\t\t\t\t\t<span class=\"elementor-button-text\">ZUM SHOP GEHEN<\/span>\n\t\t\t\t\t<\/span>\n\t\t\t\t\t<\/a>\n\t\t\t\t<\/div>\n\t\t\t\t\t\t\t\t<\/div>\n\t\t\t\t<\/div>\n\t\t\t\t\t<\/div>\n\t\t\t\t<\/div>\n\t\t<div class=\"elementor-element elementor-element-ee4561c e-con-full e-flex e-con e-parent\" data-id=\"ee4561c\" data-element_type=\"container\" data-settings=\"{&quot;background_background&quot;:&quot;classic&quot;}\">\n\t\t<div class=\"elementor-element elementor-element-b23fdc9 e-con-full e-flex e-con e-child\" data-id=\"b23fdc9\" data-element_type=\"container\" data-settings=\"{&quot;background_background&quot;:&quot;classic&quot;}\">\n\t\t<div class=\"elementor-element elementor-element-e4773b7 e-con-full e-flex e-con e-child\" data-id=\"e4773b7\" data-element_type=\"container\">\n\t\t\t\t<div class=\"elementor-element elementor-element-9e1da19 elementor-widget elementor-widget-image\" data-id=\"9e1da19\" data-element_type=\"widget\" data-widget_type=\"image.default\">\n\t\t\t\t<div class=\"elementor-widget-container\">\n\t\t\t\t\t\t\t\t\t\t\t\t\t\t\t\t\t\t\t\t\t\t\t\t\t\t\t\t\t\t<\/div>\n\t\t\t\t<\/div>\n\t\t\t\t<\/div>\n\t\t<div class=\"elementor-element elementor-element-7f9faa0 e-con-full e-flex e-con e-child\" data-id=\"7f9faa0\" data-element_type=\"container\">\n\t\t\t\t<div class=\"elementor-element elementor-element-1bcc74f elementor-widget elementor-widget-heading\" data-id=\"1bcc74f\" data-element_type=\"widget\" data-widget_type=\"heading.default\">\n\t\t\t\t<div class=\"elementor-widget-container\">\n\t\t\t\t\t<h2 class=\"elementor-heading-title elementor-size-default\">Unsere Philosophie<\/h2>\t\t\t\t<\/div>\n\t\t\t\t<\/div>\n\t\t\t\t<div class=\"elementor-element elementor-element-7cd810f elementor-widget__width-initial elementor-widget elementor-widget-text-editor\" data-id=\"7cd810f\" data-element_type=\"widget\" data-widget_type=\"text-editor.default\">\n\t\t\t\t<div class=\"elementor-widget-container\">\n\t\t\t\t\t\t\t\t\t<p>Ogni sciarpa My Scarf in a Box \u00e8 creata con la massima attenzione ai dettagli, rispettando i tempi e i ritmi della tradizione artigianale italiana. <strong>Wir glauben an den Wert von Dingen, die mit Sorgfalt gemacht werden<\/strong>, e per noi, ogni cliente \u00e8 parte della nostra storia.\u00a0<\/p><p>Lavoriamo per offrire non solo un prodotto, ma un\u2019esperienza unica: ogni sciarpa \u00e8 confezionata con amore, come se fosse un gioiello, pronta per essere regalata o custodita come un prezioso ricordo.<\/p><p>F\u00fcr uns geht es nicht nur um den Verkauf eines Produkts, sondern um die Vermittlung von <strong>un\u2019emozione<\/strong> che accompagna chi indossa le nostre sciarpe nei momenti pi\u00f9 belli della vita. Dal design alla confezione, ogni aspetto \u00e8 curato con dedizione, per garantire che ogni sciarpa My Scarf in a Box sia davvero <strong>ein Einzelst\u00fcck<\/strong>.<\/p><p>Wir sind Handwerker, Designer und Gestalter, vereint durch die Leidenschaft f\u00fcr die <strong>Hergestellt in Italien<\/strong> e dalla volont\u00e0 di creare un prodotto che rappresenti l\u2019eleganza e lo stile italiano che il mondo ci invidia. Ogni sciarpa che realizziamo \u00e8 frutto di una combinazione unica di tradizione artigianale e design moderno.<\/p>\t\t\t\t\t\t\t\t<\/div>\n\t\t\t\t<\/div>\n\t\t\t\t<div class=\"elementor-element elementor-element-388f5e4 elementor-align-left elementor-widget elementor-widget-button\" data-id=\"388f5e4\" data-element_type=\"widget\" id=\"sec\" data-widget_type=\"button.default\">\n\t\t\t\t<div class=\"elementor-widget-container\">\n\t\t\t\t\t\t\t\t\t<div class=\"elementor-button-wrapper\">\n\t\t\t\t\t<a class=\"elementor-button elementor-button-link elementor-size-sm elementor-animation-grow\" href=\"\/de\/shop\/\">\n\t\t\t\t\t\t<span class=\"elementor-button-content-wrapper\">\n\t\t\t\t\t\t<span class=\"elementor-button-icon\">\n\t\t\t\t\t\t\t<\/span>\n\t\t\t\t\t\t\t\t\t<span class=\"elementor-button-text\">Zum Shop gehen<\/span>\n\t\t\t\t\t<\/span>\n\t\t\t\t\t<\/a>\n\t\t\t\t<\/div>\n\t\t\t\t\t\t\t\t<\/div>\n\t\t\t\t<\/div>\n\t\t\t\t<\/div>\n\t\t\t\t<\/div>\n\t\t<div class=\"elementor-element elementor-element-ff646c5 e-con-full e-flex e-con e-child\" data-id=\"ff646c5\" data-element_type=\"container\" data-settings=\"{&quot;background_background&quot;:&quot;classic&quot;}\">\n\t\t<div class=\"elementor-element elementor-element-e6962a0 e-con-full e-flex e-con e-child\" data-id=\"e6962a0\" data-element_type=\"container\" data-settings=\"{&quot;background_background&quot;:&quot;classic&quot;}\">\n\t\t<div class=\"elementor-element elementor-element-5b42e48 e-con-full e-flex e-con e-child\" data-id=\"5b42e48\" data-element_type=\"container\">\n\t\t\t\t<div class=\"elementor-element elementor-element-5649f8a elementor-widget elementor-widget-heading\" data-id=\"5649f8a\" data-element_type=\"widget\" data-widget_type=\"heading.default\">\n\t\t\t\t<div class=\"elementor-widget-container\">\n\t\t\t\t\t<h2 class=\"elementor-heading-title elementor-size-default\">Eine Geschichte der Farben, Orte und Kulturen<\/h2>\t\t\t\t<\/div>\n\t\t\t\t<\/div>\n\t\t\t\t<div class=\"elementor-element elementor-element-c264b59 elementor-widget__width-initial elementor-widget elementor-widget-text-editor\" data-id=\"c264b59\" data-element_type=\"widget\" data-widget_type=\"text-editor.default\">\n\t\t\t\t<div class=\"elementor-widget-container\">\n\t\t\t\t\t\t\t\t\t<p>Unsere Schals sind nicht nur handwerkliche Kunstwerke: Jedes St\u00fcck erz\u00e4hlt eine <strong>Geschichte<\/strong>. Ispirandoci ai colori e ai luoghi pi\u00f9 affascinanti d\u2019Italia, abbiamo creato una collezione che \u00e8 un viaggio tra le meraviglie del nostro Paese. Dalla <strong>Lagune von Venedig<\/strong> a <strong>Siena<\/strong>, von <strong>Portofino<\/strong> unsere Schals sind eine Hommage an die italienische Landschaft und Kultur.<\/p>\t\t\t\t\t\t\t\t<\/div>\n\t\t\t\t<\/div>\n\t\t\t\t<div class=\"elementor-element elementor-element-9c0cb3c elementor-align-left elementor-widget elementor-widget-button\" data-id=\"9c0cb3c\" data-element_type=\"widget\" id=\"sec\" data-widget_type=\"button.default\">\n\t\t\t\t<div class=\"elementor-widget-container\">\n\t\t\t\t\t\t\t\t\t<div class=\"elementor-button-wrapper\">\n\t\t\t\t\t<a class=\"elementor-button elementor-button-link elementor-size-sm elementor-animation-grow\" href=\"\/de\/shop\/\">\n\t\t\t\t\t\t<span class=\"elementor-button-content-wrapper\">\n\t\t\t\t\t\t<span class=\"elementor-button-icon\">\n\t\t\t\t\t\t\t<\/span>\n\t\t\t\t\t\t\t\t\t<span class=\"elementor-button-text\">Zum Shop gehen<\/span>\n\t\t\t\t\t<\/span>\n\t\t\t\t\t<\/a>\n\t\t\t\t<\/div>\n\t\t\t\t\t\t\t\t<\/div>\n\t\t\t\t<\/div>\n\t\t\t\t<\/div>\n\t\t<div class=\"elementor-element elementor-element-0608c32 e-con-full e-flex e-con e-child\" data-id=\"0608c32\" data-element_type=\"container\">\n\t\t\t\t<div class=\"elementor-element elementor-element-3c8317f elementor-widget elementor-widget-image\" data-id=\"3c8317f\" data-element_type=\"widget\" data-widget_type=\"image.default\">\n\t\t\t\t<div class=\"elementor-widget-container\">\n\t\t\t\t\t\t\t\t\t\t\t\t\t\t\t\t\t\t\t\t\t\t\t\t\t\t\t\t\t\t<\/div>\n\t\t\t\t<\/div>\n\t\t\t\t<\/div>\n\t\t\t\t<\/div>\n\t\t\t\t<\/div>\n\t\t\t\t<\/div>\n\t\t<div class=\"elementor-element elementor-element-9e4f8a0 e-con-full e-flex e-con e-parent\" data-id=\"9e4f8a0\" data-element_type=\"container\">\n\t\t<div class=\"elementor-element elementor-element-ccc8fb9 e-con-full e-flex e-con e-child\" data-id=\"ccc8fb9\" data-element_type=\"container\" data-settings=\"{&quot;background_background&quot;:&quot;classic&quot;}\">\n\t\t<div class=\"elementor-element elementor-element-508ff60 e-con-full e-flex e-con e-child\" data-id=\"508ff60\" data-element_type=\"container\" data-settings=\"{&quot;background_background&quot;:&quot;classic&quot;}\">\n\t\t<div class=\"elementor-element elementor-element-c71b02b e-con-full e-flex e-con e-child\" data-id=\"c71b02b\" data-element_type=\"container\">\n\t\t\t\t<div class=\"elementor-element elementor-element-e29ee2e elementor-widget elementor-widget-image\" data-id=\"e29ee2e\" data-element_type=\"widget\" data-widget_type=\"image.default\">\n\t\t\t\t<div class=\"elementor-widget-container\">\n\t\t\t\t\t\t\t\t\t\t\t\t\t\t\t\t\t\t\t\t\t\t\t\t\t\t\t\t\t\t<\/div>\n\t\t\t\t<\/div>\n\t\t\t\t<\/div>\n\t\t<div class=\"elementor-element elementor-element-dd749bf e-con-full e-flex e-con e-child\" data-id=\"dd749bf\" data-element_type=\"container\">\n\t\t\t\t<div class=\"elementor-element elementor-element-5ab4884 elementor-widget elementor-widget-heading\" data-id=\"5ab4884\" data-element_type=\"widget\" data-widget_type=\"heading.default\">\n\t\t\t\t<div class=\"elementor-widget-container\">\n\t\t\t\t\t<h2 class=\"elementor-heading-title elementor-size-default\">Unser Schwerpunkt<\/h2>\t\t\t\t<\/div>\n\t\t\t\t<\/div>\n\t\t\t\t<div class=\"elementor-element elementor-element-a9c0e4a elementor-widget__width-initial elementor-widget elementor-widget-text-editor\" data-id=\"a9c0e4a\" data-element_type=\"widget\" data-widget_type=\"text-editor.default\">\n\t\t\t\t<div class=\"elementor-widget-container\">\n\t\t\t\t\t\t\t\t\t<p>Abbiamo sempre creduto nell\u2019importanza di rimanere\u00a0<strong>fokussiert<\/strong>. Anzich\u00e9 ampliare indiscriminatamente la nostra offerta, ci siamo concentrati su ci\u00f2 che sappiamo fare meglio:\u00a0<strong>Entwerfen von Designerschals<\/strong>. \u00c8 il nostro impegno quotidiano e ci\u00f2 che ci distingue.<\/p>\t\t\t\t\t\t\t\t<\/div>\n\t\t\t\t<\/div>\n\t\t\t\t<div class=\"elementor-element elementor-element-b5cbe6f elementor-align-left elementor-widget elementor-widget-button\" data-id=\"b5cbe6f\" data-element_type=\"widget\" id=\"sec\" data-widget_type=\"button.default\">\n\t\t\t\t<div class=\"elementor-widget-container\">\n\t\t\t\t\t\t\t\t\t<div class=\"elementor-button-wrapper\">\n\t\t\t\t\t<a class=\"elementor-button elementor-button-link elementor-size-sm elementor-animation-grow\" href=\"\/de\/shop\/\">\n\t\t\t\t\t\t<span class=\"elementor-button-content-wrapper\">\n\t\t\t\t\t\t<span class=\"elementor-button-icon\">\n\t\t\t\t\t\t\t<\/span>\n\t\t\t\t\t\t\t\t\t<span class=\"elementor-button-text\">Zum Shop gehen<\/span>\n\t\t\t\t\t<\/span>\n\t\t\t\t\t<\/a>\n\t\t\t\t<\/div>\n\t\t\t\t\t\t\t\t<\/div>\n\t\t\t\t<\/div>\n\t\t\t\t<\/div>\n\t\t\t\t<\/div>\n\t\t<div class=\"elementor-element elementor-element-6291ab2 e-con-full e-flex e-con e-child\" data-id=\"6291ab2\" data-element_type=\"container\" data-settings=\"{&quot;background_background&quot;:&quot;classic&quot;}\">\n\t\t<div class=\"elementor-element elementor-element-a1f80ad e-con-full e-flex e-con e-child\" data-id=\"a1f80ad\" data-element_type=\"container\" data-settings=\"{&quot;background_background&quot;:&quot;classic&quot;}\">\n\t\t<div class=\"elementor-element elementor-element-4708c50 e-con-full e-flex e-con e-child\" data-id=\"4708c50\" data-element_type=\"container\">\n\t\t\t\t<div class=\"elementor-element elementor-element-ad262c9 elementor-widget elementor-widget-heading\" data-id=\"ad262c9\" data-element_type=\"widget\" data-widget_type=\"heading.default\">\n\t\t\t\t<div class=\"elementor-widget-container\">\n\t\t\t\t\t<h2 class=\"elementor-heading-title elementor-size-default\">Mein Schal in einer Schachtel<\/h2>\t\t\t\t<\/div>\n\t\t\t\t<\/div>\n\t\t\t\t<div class=\"elementor-element elementor-element-bf4c24a elementor-widget elementor-widget-heading\" data-id=\"bf4c24a\" data-element_type=\"widget\" data-widget_type=\"heading.default\">\n\t\t\t\t<div class=\"elementor-widget-container\">\n\t\t\t\t\t<h2 class=\"elementor-heading-title elementor-size-default\">Wo Sie einen unserer Schals kaufen k\u00f6nnen<\/h2>\t\t\t\t<\/div>\n\t\t\t\t<\/div>\n\t\t\t\t<div class=\"elementor-element elementor-element-2964a47 elementor-widget__width-initial elementor-widget elementor-widget-text-editor\" data-id=\"2964a47\" data-element_type=\"widget\" data-widget_type=\"text-editor.default\">\n\t\t\t\t<div class=\"elementor-widget-container\">\n\t\t\t\t\t\t\t\t\t<p>Seit 2020 haben wir uns entschieden, haupts\u00e4chlich <strong>online<\/strong>, puntando a una distribuzione globale che ci consente di mantenere l\u2019<strong>limitierte Auflage<\/strong> und Respekt f\u00fcr die <strong>handwerkliche Produktion<\/strong>. Ogni sciarpa \u00e8 un pezzo unico, pensato per clienti in tutto il mondo, e grazie a questa strategia, siamo riusciti a preservare l\u2019esclusivit\u00e0 del nostro lavoro.<\/p><p>Unsere Schals sind nicht nur sch\u00f6n: Sie repr\u00e4sentieren die <strong>perfektes Geschenk<\/strong> per le occasioni importanti, un simbolo di eleganza e qualit\u00e0 che accompagna chi le indossa in ogni momento speciale della vita.<\/p>\t\t\t\t\t\t\t\t<\/div>\n\t\t\t\t<\/div>\n\t\t\t\t<div class=\"elementor-element elementor-element-78e6e3f elementor-align-left elementor-widget elementor-widget-button\" data-id=\"78e6e3f\" data-element_type=\"widget\" id=\"sec\" data-widget_type=\"button.default\">\n\t\t\t\t<div class=\"elementor-widget-container\">\n\t\t\t\t\t\t\t\t\t<div class=\"elementor-button-wrapper\">\n\t\t\t\t\t<a class=\"elementor-button elementor-button-link elementor-size-sm elementor-animation-grow\" href=\"\/de\/shop\/\">\n\t\t\t\t\t\t<span class=\"elementor-button-content-wrapper\">\n\t\t\t\t\t\t<span class=\"elementor-button-icon\">\n\t\t\t\t\t\t\t<\/span>\n\t\t\t\t\t\t\t\t\t<span class=\"elementor-button-text\">Zum Shop gehen<\/span>\n\t\t\t\t\t<\/span>\n\t\t\t\t\t<\/a>\n\t\t\t\t<\/div>\n\t\t\t\t\t\t\t\t<\/div>\n\t\t\t\t<\/div>\n\t\t\t\t<\/div>\n\t\t<div class=\"elementor-element elementor-element-c0a0b2a e-con-full e-flex e-con e-child\" data-id=\"c0a0b2a\" data-element_type=\"container\">\n\t\t\t\t<div class=\"elementor-element elementor-element-fa246a2 elementor-widget elementor-widget-image\" data-id=\"fa246a2\" data-element_type=\"widget\" data-widget_type=\"image.default\">\n\t\t\t\t<div class=\"elementor-widget-container\">\n\t\t\t\t\t\t\t\t\t\t\t\t\t\t\t\t\t\t\t\t\t\t\t\t\t\t\t\t\t\t<\/div>\n\t\t\t\t<\/div>\n\t\t\t\t<\/div>\n\t\t\t\t<\/div>\n\t\t\t\t<\/div>\n\t\t\t\t<\/div>\n\t\t\t\t<\/div>\n\t\t<div class=\"elementor-element elementor-element-93c3563 e-flex e-con-boxed e-con e-parent\" data-id=\"93c3563\" data-element_type=\"container\" data-settings=\"{&quot;background_background&quot;:&quot;classic&quot;}\">\n\t\t\t\t\t<div class=\"e-con-inner\">\n\t\t\t\t<div class=\"elementor-element elementor-element-f5fef98 elementor-widget elementor-widget-heading\" data-id=\"f5fef98\" data-element_type=\"widget\" data-widget_type=\"heading.default\">\n\t\t\t\t<div class=\"elementor-widget-container\">\n\t\t\t\t\t<h2 class=\"elementor-heading-title elementor-size-default\">M\u00f6chten Sie eine kaufen?<\/h2>\t\t\t\t<\/div>\n\t\t\t\t<\/div>\n\t\t\t\t<div class=\"elementor-element elementor-element-e22e030 elementor-align-center elementor-mobile-align-center elementor-widget elementor-widget-button\" data-id=\"e22e030\" data-element_type=\"widget\" data-widget_type=\"button.default\">\n\t\t\t\t<div class=\"elementor-widget-container\">\n\t\t\t\t\t\t\t\t\t<div class=\"elementor-button-wrapper\">\n\t\t\t\t\t<a class=\"elementor-button elementor-button-link elementor-size-sm elementor-animation-grow\" href=\"\/de\/shop\/\">\n\t\t\t\t\t\t<span class=\"elementor-button-content-wrapper\">\n\t\t\t\t\t\t<span class=\"elementor-button-icon\">\n\t\t\t\t\t\t\t<\/span>\n\t\t\t\t\t\t\t\t\t<span class=\"elementor-button-text\">ZUM SHOP GEHEN<\/span>\n\t\t\t\t\t<\/span>\n\t\t\t\t\t<\/a>\n\t\t\t\t<\/div>\n\t\t\t\t\t\t\t\t<\/div>\n\t\t\t\t<\/div>\n\t\t\t\t\t<\/div>\n\t\t\t\t<\/div>\n\t\t\t\t<\/div>","protected":false},"excerpt":{"rendered":"<p>My Scarf in a Box La vera sciarpa italiana My Scarf in a Box nasce dal desiderio di trasformare la sciarpa da semplice accessorio in un vero e proprio oggetto di design, utilizzando tecniche tradizionali italiane e ispirandoci ai luoghi pi\u00f9 iconici d\u2019Italia per i colori. Siamo artigiani, designer e creatori, uniti dalla passione per&#8230;<\/p>","protected":false},"author":2,"featured_media":0,"parent":0,"menu_order":0,"comment_status":"closed","ping_status":"closed","template":"elementor_header_footer","meta":{"inline_featured_image":false,"_kad_post_transparent":"","_kad_post_title":"hide","_kad_post_layout":"fullwidth","_kad_post_sidebar_id":"","_kad_post_content_style":"unboxed","_kad_post_vertical_padding":"hide","_kad_post_feature":"hide","_kad_post_feature_position":"","_kad_post_header":false,"_kad_post_footer":false,"_kad_post_classname":"","footnotes":""},"class_list":["post-22862","page","type-page","status-publish","hentry"],"_links":{"self":[{"href":"https:\/\/zirulabag.com\/de\/wp-json\/wp\/v2\/pages\/22862","targetHints":{"allow":["GET"]}}],"collection":[{"href":"https:\/\/zirulabag.com\/de\/wp-json\/wp\/v2\/pages"}],"about":[{"href":"https:\/\/zirulabag.com\/de\/wp-json\/wp\/v2\/types\/page"}],"author":[{"embeddable":true,"href":"https:\/\/zirulabag.com\/de\/wp-json\/wp\/v2\/users\/2"}],"replies":[{"embeddable":true,"href":"https:\/\/zirulabag.com\/de\/wp-json\/wp\/v2\/comments?post=22862"}],"version-history":[{"count":0,"href":"https:\/\/zirulabag.com\/de\/wp-json\/wp\/v2\/pages\/22862\/revisions"}],"wp:attachment":[{"href":"https:\/\/zirulabag.com\/de\/wp-json\/wp\/v2\/media?parent=22862"}],"curies":[{"name":"wp","href":"https:\/\/api.w.org\/{rel}","templated":true}]}}