{"id":22863,"date":"2024-10-14T11:42:52","date_gmt":"2024-10-14T09:42:52","guid":{"rendered":"https:\/\/www.myscarfinabox.com\/?page_id=22863"},"modified":"2024-12-11T23:38:38","modified_gmt":"2024-12-11T22:38:38","slug":"boutique","status":"publish","type":"page","link":"https:\/\/zirulabag.com\/de\/boutique\/","title":{"rendered":"Boutique"},"content":{"rendered":"<div data-elementor-type=\"wp-page\" data-elementor-id=\"22863\" class=\"elementor elementor-22863\" data-elementor-post-type=\"page\">\n\t\t\t\t<div class=\"elementor-element elementor-element-ec56444 e-flex e-con-boxed e-con e-parent\" data-id=\"ec56444\" data-element_type=\"container\" data-settings=\"{&quot;background_background&quot;:&quot;classic&quot;}\">\n\t\t\t\t\t<div class=\"e-con-inner\">\n\t\t\t\t\t<\/div>\n\t\t\t\t<\/div>\n\t\t<div class=\"elementor-element elementor-element-2baa1e4 e-con-full e-flex e-con e-parent\" data-id=\"2baa1e4\" data-element_type=\"container\" data-settings=\"{&quot;background_background&quot;:&quot;classic&quot;}\">\n\t\t<div class=\"elementor-element elementor-element-a67c99b e-con-full e-flex e-con e-child\" data-id=\"a67c99b\" data-element_type=\"container\" data-settings=\"{&quot;background_background&quot;:&quot;classic&quot;}\">\n\t\t<div class=\"elementor-element elementor-element-f88600e e-con-full e-flex e-con e-child\" data-id=\"f88600e\" data-element_type=\"container\">\n\t\t\t\t<div class=\"elementor-element elementor-element-9686a79 elementor-widget elementor-widget-image\" data-id=\"9686a79\" data-element_type=\"widget\" data-widget_type=\"image.default\">\n\t\t\t\t<div class=\"elementor-widget-container\">\n\t\t\t\t\t\t\t\t\t\t\t\t\t\t\t\t\t\t\t\t\t\t\t\t\t\t\t\t\t\t<\/div>\n\t\t\t\t<\/div>\n\t\t\t\t<\/div>\n\t\t<div class=\"elementor-element elementor-element-e437831 e-con-full e-flex e-con e-child\" data-id=\"e437831\" data-element_type=\"container\">\n\t\t\t\t<div class=\"elementor-element elementor-element-7120960 elementor-widget elementor-widget-heading\" data-id=\"7120960\" data-element_type=\"widget\" data-widget_type=\"heading.default\">\n\t\t\t\t<div class=\"elementor-widget-container\">\n\t\t\t\t\t<h2 class=\"elementor-heading-title elementor-size-default\">Mein Schal in einer Schachtel<\/h2>\t\t\t\t<\/div>\n\t\t\t\t<\/div>\n\t\t\t\t<div class=\"elementor-element elementor-element-f69ef4c elementor-widget elementor-widget-heading\" data-id=\"f69ef4c\" data-element_type=\"widget\" data-widget_type=\"heading.default\">\n\t\t\t\t<div class=\"elementor-widget-container\">\n\t\t\t\t\t<h2 class=\"elementor-heading-title elementor-size-default\">Werden Sie unsere Boutique<\/h2>\t\t\t\t<\/div>\n\t\t\t\t<\/div>\n\t\t\t\t<div class=\"elementor-element elementor-element-5aa6d7b elementor-widget__width-initial elementor-widget elementor-widget-text-editor\" data-id=\"5aa6d7b\" data-element_type=\"widget\" data-widget_type=\"text-editor.default\">\n\t\t\t\t<div class=\"elementor-widget-container\">\n\t\t\t\t\t\t\t\t\t<h2>Treten Sie ein in die Welt des Made in Italy-Luxus<\/h2><p>Sei una boutique che desidera offrire ai propri clienti accessori unici, raffinati e di altissima qualit\u00e0? Ti invitiamo a diventare parte della nostra esclusiva rete di punti vendita e a distribuire le nostre sciarpe, simbolo di eleganza e artigianalit\u00e0 italiana.<\/p><p>Perch\u00e9 scegliere le nostre sciarpe?<\/p><p><b>Le nostre sciarpe sono pi\u00f9 di un semplice accessorio: <\/b>sono vere e proprie opere d\u2019arte, ispirate ai paesaggi italiani e realizzate con cura in ogni dettaglio.\u00a0<\/p><p>Ogni collezione \u00e8 studiata per raccontare una storia e portare con s\u00e9 il fascino e la tradizione del nostro Paese, attraverso materiali pregiati come il doppio velo di chiffon di seta e tecniche di tintura che garantiscono una straordinaria iridescenza.<\/p>\t\t\t\t\t\t\t\t<\/div>\n\t\t\t\t<\/div>\n\t\t\t\t<div class=\"elementor-element elementor-element-d17bfbc elementor-align-left elementor-widget elementor-widget-button\" data-id=\"d17bfbc\" data-element_type=\"widget\" id=\"sec\" data-widget_type=\"button.default\">\n\t\t\t\t<div class=\"elementor-widget-container\">\n\t\t\t\t\t\t\t\t\t<div class=\"elementor-button-wrapper\">\n\t\t\t\t\t<a class=\"elementor-button elementor-button-link elementor-size-sm elementor-animation-grow\" href=\"#cta\">\n\t\t\t\t\t\t<span class=\"elementor-button-content-wrapper\">\n\t\t\t\t\t\t<span class=\"elementor-button-icon\">\n\t\t\t\t\t\t\t<\/span>\n\t\t\t\t\t\t\t\t\t<span class=\"elementor-button-text\">Werden Sie unser Wiederverk\u00e4ufer<\/span>\n\t\t\t\t\t<\/span>\n\t\t\t\t\t<\/a>\n\t\t\t\t<\/div>\n\t\t\t\t\t\t\t\t<\/div>\n\t\t\t\t<\/div>\n\t\t\t\t<\/div>\n\t\t\t\t<\/div>\n\t\t<div class=\"elementor-element elementor-element-35b053d e-con-full e-flex e-con e-child\" data-id=\"35b053d\" data-element_type=\"container\" data-settings=\"{&quot;background_background&quot;:&quot;classic&quot;}\">\n\t\t<div class=\"elementor-element elementor-element-5d41cd6 e-con-full e-flex e-con e-child\" data-id=\"5d41cd6\" data-element_type=\"container\">\n\t\t\t\t<div class=\"elementor-element elementor-element-cc23274 elementor-widget elementor-widget-heading\" data-id=\"cc23274\" data-element_type=\"widget\" data-widget_type=\"heading.default\">\n\t\t\t\t<div class=\"elementor-widget-container\">\n\t\t\t\t\t<h2 class=\"elementor-heading-title elementor-size-default\">Le pi\u00f9 belle sciarpe Italiane nel mondo direttamente nel tuo negozio<\/h2>\t\t\t\t<\/div>\n\t\t\t\t<\/div>\n\t\t\t\t<div class=\"elementor-element elementor-element-75b489c elementor-widget elementor-widget-heading\" data-id=\"75b489c\" data-element_type=\"widget\" data-widget_type=\"heading.default\">\n\t\t\t\t<div class=\"elementor-widget-container\">\n\t\t\t\t\t<h2 class=\"elementor-heading-title elementor-size-default\">Was wir Ihnen bieten:<\/h2>\t\t\t\t<\/div>\n\t\t\t\t<\/div>\n\t\t\t\t<div class=\"elementor-element elementor-element-90612c5 elementor-widget__width-initial elementor-widget elementor-widget-text-editor\" data-id=\"90612c5\" data-element_type=\"widget\" data-widget_type=\"text-editor.default\">\n\t\t\t\t<div class=\"elementor-widget-container\">\n\t\t\t\t\t\t\t\t\t<p><strong>Prodotti di qualit\u00e0 senza compromessi:<\/strong> Le nostre sciarpe sono realizzate in edizione limitata, con una lavorazione artigianale che conferisce a ogni pezzo unicit\u00e0 e carattere.<\/p><p><strong>Marketing-Unterst\u00fctzung:<\/strong> Forniamo materiali promozionali e digitali per aiutarti a valorizzare le collezioni all\u2019interno del tuo negozio, oltre a consigli personalizzati su come presentare al meglio i nostri prodotti.<\/p><p><strong>Esclusivit\u00e0 territoriale:<\/strong> Garantiamo che la tua boutique sar\u00e0 l\u2019unico punto vendita nella tua area a poter offrire le nostre sciarpe, assicurando ai tuoi clienti prodotti davvero esclusivi.<\/p><p><strong>Kontinuierliche Zusammenarbeit:<\/strong> Wir glauben an langfristige Partnerschaften und sind immer an Ihrer Seite, um den Absatz zu verbessern und Strategien und Ideen f\u00fcr den gemeinsamen Erfolg zu teilen.<\/p>\t\t\t\t\t\t\t\t<\/div>\n\t\t\t\t<\/div>\n\t\t\t\t<div class=\"elementor-element elementor-element-afea129 elementor-align-left elementor-widget elementor-widget-button\" data-id=\"afea129\" data-element_type=\"widget\" data-widget_type=\"button.default\">\n\t\t\t\t<div class=\"elementor-widget-container\">\n\t\t\t\t\t\t\t\t\t<div class=\"elementor-button-wrapper\">\n\t\t\t\t\t<a class=\"elementor-button elementor-button-link elementor-size-sm elementor-animation-grow\" href=\"#cta\">\n\t\t\t\t\t\t<span class=\"elementor-button-content-wrapper\">\n\t\t\t\t\t\t<span class=\"elementor-button-icon\">\n\t\t\t\t\t\t\t<\/span>\n\t\t\t\t\t\t\t\t\t<span class=\"elementor-button-text\">Werden Sie unser Wiederverk\u00e4ufer<\/span>\n\t\t\t\t\t<\/span>\n\t\t\t\t\t<\/a>\n\t\t\t\t<\/div>\n\t\t\t\t\t\t\t\t<\/div>\n\t\t\t\t<\/div>\n\t\t\t\t<\/div>\n\t\t<div class=\"elementor-element elementor-element-dfb2c0f e-con-full e-flex e-con e-child\" data-id=\"dfb2c0f\" data-element_type=\"container\">\n\t\t\t\t<div class=\"elementor-element elementor-element-327a2fb elementor-widget elementor-widget-image\" data-id=\"327a2fb\" data-element_type=\"widget\" data-widget_type=\"image.default\">\n\t\t\t\t<div class=\"elementor-widget-container\">\n\t\t\t\t\t\t\t\t\t\t\t\t\t\t\t\t\t\t\t\t\t\t\t\t\t\t\t\t\t\t<\/div>\n\t\t\t\t<\/div>\n\t\t\t\t<\/div>\n\t\t\t\t<\/div>\n\t\t\t\t<\/div>\n\t\t<div class=\"elementor-element elementor-element-46f0981 e-flex e-con-boxed e-con e-parent\" data-id=\"46f0981\" data-element_type=\"container\" id=\"cta\" data-settings=\"{&quot;background_background&quot;:&quot;classic&quot;}\">\n\t\t\t\t\t<div class=\"e-con-inner\">\n\t\t\t\t<div class=\"elementor-element elementor-element-10eaf82 elementor-widget elementor-widget-image\" data-id=\"10eaf82\" data-element_type=\"widget\" data-widget_type=\"image.default\">\n\t\t\t\t<div class=\"elementor-widget-container\">\n\t\t\t\t\t\t\t\t\t\t\t\t\t\t\t<img decoding=\"async\" src=\"https:\/\/zirulabag.com\/wp-content\/uploads\/2024\/07\/myscarflogo-1024x659.png.webp\" title=\"\" alt=\"\" loading=\"lazy\" \/>\t\t\t\t\t\t\t\t\t\t\t\t\t\t\t<\/div>\n\t\t\t\t<\/div>\n\t\t\t\t<div class=\"elementor-element elementor-element-f1e80f7 elementor-widget elementor-widget-heading\" data-id=\"f1e80f7\" data-element_type=\"widget\" data-widget_type=\"heading.default\">\n\t\t\t\t<div class=\"elementor-widget-container\">\n\t\t\t\t\t<h2 class=\"elementor-heading-title elementor-size-default\">Erkundigen Sie sich nach dem Verkauf unserer Schals:<\/h2>\t\t\t\t<\/div>\n\t\t\t\t<\/div>\n\t\t\t\t\t<\/div>\n\t\t\t\t<\/div>\n\t\t<div class=\"elementor-element elementor-element-ee4561c e-con-full e-flex e-con e-parent\" data-id=\"ee4561c\" data-element_type=\"container\" data-settings=\"{&quot;background_background&quot;:&quot;classic&quot;}\">\n\t\t<div class=\"elementor-element elementor-element-b23fdc9 e-con-full e-flex e-con e-child\" data-id=\"b23fdc9\" data-element_type=\"container\" data-settings=\"{&quot;background_background&quot;:&quot;classic&quot;}\">\n\t\t<div class=\"elementor-element elementor-element-e4773b7 e-con-full e-flex e-con e-child\" data-id=\"e4773b7\" data-element_type=\"container\">\n\t\t\t\t<div class=\"elementor-element elementor-element-9e1da19 elementor-widget elementor-widget-image\" data-id=\"9e1da19\" data-element_type=\"widget\" data-widget_type=\"image.default\">\n\t\t\t\t<div class=\"elementor-widget-container\">\n\t\t\t\t\t\t\t\t\t\t\t\t\t\t\t\t\t\t\t\t\t\t\t\t\t\t\t\t\t\t<\/div>\n\t\t\t\t<\/div>\n\t\t\t\t<\/div>\n\t\t<div class=\"elementor-element elementor-element-7f9faa0 e-con-full e-flex e-con e-child\" data-id=\"7f9faa0\" data-element_type=\"container\">\n\t\t\t\t<div class=\"elementor-element elementor-element-1bcc74f elementor-widget elementor-widget-heading\" data-id=\"1bcc74f\" data-element_type=\"widget\" data-widget_type=\"heading.default\">\n\t\t\t\t<div class=\"elementor-widget-container\">\n\t\t\t\t\t<h2 class=\"elementor-heading-title elementor-size-default\">Unsere Philosophie<\/h2>\t\t\t\t<\/div>\n\t\t\t\t<\/div>\n\t\t\t\t<div class=\"elementor-element elementor-element-7cd810f elementor-widget__width-initial elementor-widget elementor-widget-text-editor\" data-id=\"7cd810f\" data-element_type=\"widget\" data-widget_type=\"text-editor.default\">\n\t\t\t\t<div class=\"elementor-widget-container\">\n\t\t\t\t\t\t\t\t\t<p>Ogni sciarpa My Scarf in a Box \u00e8 creata con la massima attenzione ai dettagli, rispettando i tempi e i ritmi della tradizione artigianale italiana. <strong>Wir glauben an den Wert von Dingen, die mit Sorgfalt gemacht werden<\/strong>, e per noi, ogni cliente \u00e8 parte della nostra storia.\u00a0<\/p><p>Lavoriamo per offrire non solo un prodotto, ma un\u2019esperienza unica: ogni sciarpa \u00e8 confezionata con amore, come se fosse un gioiello, pronta per essere regalata o custodita come un prezioso ricordo.<\/p><p>F\u00fcr uns geht es nicht nur um den Verkauf eines Produkts, sondern um die Vermittlung von <strong>un\u2019emozione<\/strong> che accompagna chi indossa le nostre sciarpe nei momenti pi\u00f9 belli della vita. Dal design alla confezione, ogni aspetto \u00e8 curato con dedizione, per garantire che ogni sciarpa My Scarf in a Box sia davvero <strong>ein Einzelst\u00fcck<\/strong>.<\/p><p>Wir sind Handwerker, Designer und Gestalter, vereint durch die Leidenschaft f\u00fcr die <strong>Hergestellt in Italien<\/strong> e dalla volont\u00e0 di creare un prodotto che rappresenti l\u2019eleganza e lo stile italiano che il mondo ci invidia. Ogni sciarpa che realizziamo \u00e8 frutto di una combinazione unica di tradizione artigianale e design moderno.<\/p>\t\t\t\t\t\t\t\t<\/div>\n\t\t\t\t<\/div>\n\t\t\t\t<div class=\"elementor-element elementor-element-44bf03c elementor-align-left elementor-widget elementor-widget-button\" data-id=\"44bf03c\" data-element_type=\"widget\" data-widget_type=\"button.default\">\n\t\t\t\t<div class=\"elementor-widget-container\">\n\t\t\t\t\t\t\t\t\t<div class=\"elementor-button-wrapper\">\n\t\t\t\t\t<a class=\"elementor-button elementor-button-link elementor-size-sm elementor-animation-grow\" href=\"#cta\">\n\t\t\t\t\t\t<span class=\"elementor-button-content-wrapper\">\n\t\t\t\t\t\t<span class=\"elementor-button-icon\">\n\t\t\t\t\t\t\t<\/span>\n\t\t\t\t\t\t\t\t\t<span class=\"elementor-button-text\">Werden Sie unser Wiederverk\u00e4ufer<\/span>\n\t\t\t\t\t<\/span>\n\t\t\t\t\t<\/a>\n\t\t\t\t<\/div>\n\t\t\t\t\t\t\t\t<\/div>\n\t\t\t\t<\/div>\n\t\t\t\t<\/div>\n\t\t\t\t<\/div>\n\t\t<div class=\"elementor-element elementor-element-ff646c5 e-con-full e-flex e-con e-child\" data-id=\"ff646c5\" data-element_type=\"container\" data-settings=\"{&quot;background_background&quot;:&quot;classic&quot;}\">\n\t\t<div class=\"elementor-element elementor-element-e6962a0 e-con-full e-flex e-con e-child\" data-id=\"e6962a0\" data-element_type=\"container\" data-settings=\"{&quot;background_background&quot;:&quot;classic&quot;}\">\n\t\t<div class=\"elementor-element elementor-element-5b42e48 e-con-full e-flex e-con e-child\" data-id=\"5b42e48\" data-element_type=\"container\">\n\t\t\t\t<div class=\"elementor-element elementor-element-5649f8a elementor-widget elementor-widget-heading\" data-id=\"5649f8a\" data-element_type=\"widget\" data-widget_type=\"heading.default\">\n\t\t\t\t<div class=\"elementor-widget-container\">\n\t\t\t\t\t<h2 class=\"elementor-heading-title elementor-size-default\">Eine Geschichte der Farben, Orte und Kulturen<\/h2>\t\t\t\t<\/div>\n\t\t\t\t<\/div>\n\t\t\t\t<div class=\"elementor-element elementor-element-c264b59 elementor-widget__width-initial elementor-widget elementor-widget-text-editor\" data-id=\"c264b59\" data-element_type=\"widget\" data-widget_type=\"text-editor.default\">\n\t\t\t\t<div class=\"elementor-widget-container\">\n\t\t\t\t\t\t\t\t\t<p>Unsere Schals sind nicht nur handwerkliche Kunstwerke: Jedes St\u00fcck erz\u00e4hlt eine <strong>Geschichte<\/strong>. Ispirandoci ai colori e ai luoghi pi\u00f9 affascinanti d\u2019Italia, abbiamo creato una collezione che \u00e8 un viaggio tra le meraviglie del nostro Paese. Dalla <strong>Lagune von Venedig<\/strong> a <strong>Siena<\/strong>, von <strong>Portofino<\/strong> unsere Schals sind eine Hommage an die italienische Landschaft und Kultur.<\/p>\t\t\t\t\t\t\t\t<\/div>\n\t\t\t\t<\/div>\n\t\t\t\t<div class=\"elementor-element elementor-element-8b35e12 elementor-align-left elementor-widget elementor-widget-button\" data-id=\"8b35e12\" data-element_type=\"widget\" data-widget_type=\"button.default\">\n\t\t\t\t<div class=\"elementor-widget-container\">\n\t\t\t\t\t\t\t\t\t<div class=\"elementor-button-wrapper\">\n\t\t\t\t\t<a class=\"elementor-button elementor-button-link elementor-size-sm elementor-animation-grow\" href=\"#cta\">\n\t\t\t\t\t\t<span class=\"elementor-button-content-wrapper\">\n\t\t\t\t\t\t<span class=\"elementor-button-icon\">\n\t\t\t\t\t\t\t<\/span>\n\t\t\t\t\t\t\t\t\t<span class=\"elementor-button-text\">Werden Sie unser Wiederverk\u00e4ufer<\/span>\n\t\t\t\t\t<\/span>\n\t\t\t\t\t<\/a>\n\t\t\t\t<\/div>\n\t\t\t\t\t\t\t\t<\/div>\n\t\t\t\t<\/div>\n\t\t\t\t<\/div>\n\t\t<div class=\"elementor-element elementor-element-0608c32 e-con-full e-flex e-con e-child\" data-id=\"0608c32\" data-element_type=\"container\">\n\t\t\t\t<div class=\"elementor-element elementor-element-3c8317f elementor-widget elementor-widget-image\" data-id=\"3c8317f\" data-element_type=\"widget\" data-widget_type=\"image.default\">\n\t\t\t\t<div class=\"elementor-widget-container\">\n\t\t\t\t\t\t\t\t\t\t\t\t\t\t\t\t\t\t\t\t\t\t\t\t\t\t\t\t\t\t<\/div>\n\t\t\t\t<\/div>\n\t\t\t\t<\/div>\n\t\t\t\t<\/div>\n\t\t\t\t<\/div>\n\t\t\t\t<\/div>\n\t\t<div class=\"elementor-element elementor-element-9e4f8a0 e-con-full e-flex e-con e-parent\" data-id=\"9e4f8a0\" data-element_type=\"container\">\n\t\t<div class=\"elementor-element elementor-element-ccc8fb9 e-con-full e-flex e-con e-child\" data-id=\"ccc8fb9\" data-element_type=\"container\" data-settings=\"{&quot;background_background&quot;:&quot;classic&quot;}\">\n\t\t<div class=\"elementor-element elementor-element-508ff60 e-con-full e-flex e-con e-child\" data-id=\"508ff60\" data-element_type=\"container\" data-settings=\"{&quot;background_background&quot;:&quot;classic&quot;}\">\n\t\t<div class=\"elementor-element elementor-element-c71b02b e-con-full e-flex e-con e-child\" data-id=\"c71b02b\" data-element_type=\"container\">\n\t\t\t\t<div class=\"elementor-element elementor-element-e29ee2e elementor-widget elementor-widget-image\" data-id=\"e29ee2e\" data-element_type=\"widget\" data-widget_type=\"image.default\">\n\t\t\t\t<div class=\"elementor-widget-container\">\n\t\t\t\t\t\t\t\t\t\t\t\t\t\t\t\t\t\t\t\t\t\t\t\t\t\t\t\t\t\t<\/div>\n\t\t\t\t<\/div>\n\t\t\t\t<\/div>\n\t\t<div class=\"elementor-element elementor-element-dd749bf e-con-full e-flex e-con e-child\" data-id=\"dd749bf\" data-element_type=\"container\">\n\t\t\t\t<div class=\"elementor-element elementor-element-5ab4884 elementor-widget elementor-widget-heading\" data-id=\"5ab4884\" data-element_type=\"widget\" data-widget_type=\"heading.default\">\n\t\t\t\t<div class=\"elementor-widget-container\">\n\t\t\t\t\t<h2 class=\"elementor-heading-title elementor-size-default\">Unser Schwerpunkt<\/h2>\t\t\t\t<\/div>\n\t\t\t\t<\/div>\n\t\t\t\t<div class=\"elementor-element elementor-element-a9c0e4a elementor-widget__width-initial elementor-widget elementor-widget-text-editor\" data-id=\"a9c0e4a\" data-element_type=\"widget\" data-widget_type=\"text-editor.default\">\n\t\t\t\t<div class=\"elementor-widget-container\">\n\t\t\t\t\t\t\t\t\t<p>Abbiamo sempre creduto nell\u2019importanza di rimanere\u00a0<strong>fokussiert<\/strong>. Anzich\u00e9 ampliare indiscriminatamente la nostra offerta, ci siamo concentrati su ci\u00f2 che sappiamo fare meglio:\u00a0<strong>Entwerfen von Designerschals<\/strong>. \u00c8 il nostro impegno quotidiano e ci\u00f2 che ci distingue.<\/p>\t\t\t\t\t\t\t\t<\/div>\n\t\t\t\t<\/div>\n\t\t\t\t<div class=\"elementor-element elementor-element-5001ef1 elementor-align-left elementor-widget elementor-widget-button\" data-id=\"5001ef1\" data-element_type=\"widget\" data-widget_type=\"button.default\">\n\t\t\t\t<div class=\"elementor-widget-container\">\n\t\t\t\t\t\t\t\t\t<div class=\"elementor-button-wrapper\">\n\t\t\t\t\t<a class=\"elementor-button elementor-button-link elementor-size-sm elementor-animation-grow\" href=\"#cta\">\n\t\t\t\t\t\t<span class=\"elementor-button-content-wrapper\">\n\t\t\t\t\t\t<span class=\"elementor-button-icon\">\n\t\t\t\t\t\t\t<\/span>\n\t\t\t\t\t\t\t\t\t<span class=\"elementor-button-text\">Werden Sie unser Wiederverk\u00e4ufer<\/span>\n\t\t\t\t\t<\/span>\n\t\t\t\t\t<\/a>\n\t\t\t\t<\/div>\n\t\t\t\t\t\t\t\t<\/div>\n\t\t\t\t<\/div>\n\t\t\t\t<\/div>\n\t\t\t\t<\/div>\n\t\t\t\t<\/div>\n\t\t\t\t<\/div>\n\t\t<div class=\"elementor-element elementor-element-4f4729d e-con-full e-flex e-con e-parent\" data-id=\"4f4729d\" data-element_type=\"container\">\n\t\t<div class=\"elementor-element elementor-element-ea55d07 e-flex e-con-boxed e-con e-child\" data-id=\"ea55d07\" data-element_type=\"container\" data-settings=\"{&quot;background_background&quot;:&quot;classic&quot;}\">\n\t\t\t\t\t<div class=\"e-con-inner\">\n\t\t\t\t<div class=\"elementor-element elementor-element-d3afc14 elementor-widget elementor-widget-image\" data-id=\"d3afc14\" data-element_type=\"widget\" data-widget_type=\"image.default\">\n\t\t\t\t<div class=\"elementor-widget-container\">\n\t\t\t\t\t\t\t\t\t\t\t\t\t\t\t<img decoding=\"async\" src=\"https:\/\/zirulabag.com\/wp-content\/uploads\/2024\/07\/myscarflogo-1024x659.png.webp\" title=\"\" alt=\"\" loading=\"lazy\" \/>\t\t\t\t\t\t\t\t\t\t\t\t\t\t\t<\/div>\n\t\t\t\t<\/div>\n\t\t\t\t<div class=\"elementor-element elementor-element-d18db3d elementor-widget elementor-widget-heading\" data-id=\"d18db3d\" data-element_type=\"widget\" data-widget_type=\"heading.default\">\n\t\t\t\t<div class=\"elementor-widget-container\">\n\t\t\t\t\t<h2 class=\"elementor-heading-title elementor-size-default\">Erkundigen Sie sich nach dem Verkauf unserer Schals:<\/h2>\t\t\t\t<\/div>\n\t\t\t\t<\/div>\n\t\t\t\t\t<\/div>\n\t\t\t\t<\/div>\n\t\t\t\t<\/div>\n\t\t\t\t<\/div>","protected":false},"excerpt":{"rendered":"<p>My Scarf in a Box Diventa Nostra Boutique Unisciti al Mondo del Lusso Made in Italy Sei una boutique che desidera offrire ai propri clienti accessori unici, raffinati e di altissima qualit\u00e0? Ti invitiamo a diventare parte della nostra esclusiva rete di punti vendita e a distribuire le nostre sciarpe, simbolo di eleganza e artigianalit\u00e0&#8230;<\/p>","protected":false},"author":2,"featured_media":0,"parent":0,"menu_order":0,"comment_status":"closed","ping_status":"closed","template":"elementor_header_footer","meta":{"inline_featured_image":false,"_kad_post_transparent":"","_kad_post_title":"hide","_kad_post_layout":"fullwidth","_kad_post_sidebar_id":"","_kad_post_content_style":"unboxed","_kad_post_vertical_padding":"hide","_kad_post_feature":"hide","_kad_post_feature_position":"","_kad_post_header":false,"_kad_post_footer":false,"_kad_post_classname":"","footnotes":""},"class_list":["post-22863","page","type-page","status-publish","hentry"],"_links":{"self":[{"href":"https:\/\/zirulabag.com\/de\/wp-json\/wp\/v2\/pages\/22863","targetHints":{"allow":["GET"]}}],"collection":[{"href":"https:\/\/zirulabag.com\/de\/wp-json\/wp\/v2\/pages"}],"about":[{"href":"https:\/\/zirulabag.com\/de\/wp-json\/wp\/v2\/types\/page"}],"author":[{"embeddable":true,"href":"https:\/\/zirulabag.com\/de\/wp-json\/wp\/v2\/users\/2"}],"replies":[{"embeddable":true,"href":"https:\/\/zirulabag.com\/de\/wp-json\/wp\/v2\/comments?post=22863"}],"version-history":[{"count":0,"href":"https:\/\/zirulabag.com\/de\/wp-json\/wp\/v2\/pages\/22863\/revisions"}],"wp:attachment":[{"href":"https:\/\/zirulabag.com\/de\/wp-json\/wp\/v2\/media?parent=22863"}],"curies":[{"name":"wp","href":"https:\/\/api.w.org\/{rel}","templated":true}]}}