{"id":23331,"date":"2025-01-08T16:02:21","date_gmt":"2025-01-08T15:02:21","guid":{"rendered":"https:\/\/zirulabag.com\/?post_type=product&#038;p=23331"},"modified":"2026-01-15T22:09:46","modified_gmt":"2026-01-15T21:09:46","slug":"valentina","status":"publish","type":"product","link":"https:\/\/zirulabag.com\/de\/produkt-2\/valentina\/","title":{"rendered":"Valentina"},"content":{"rendered":"<p>Die elegante und vielseitige Valentina-Tasche ist das perfekte Accessoire f\u00fcr alle, die praktisch sein wollen, ohne auf Stil zu verzichten. Sie ist aus strapazierf\u00e4higem und leichtem Material gefertigt und verf\u00fcgt \u00fcber einen Spiraldruck, der dem schlichten, stromlinienf\u00f6rmigen Design einen Hauch von Charakter verleiht.<\/p>\n<p>Mit ihren breiten Henkeln l\u00e4sst sie sich bequem in der Hand oder \u00fcber der Schulter tragen und bietet ausreichend Platz f\u00fcr all Ihre t\u00e4glichen Dinge. Sie ist ideal f\u00fcr einen l\u00e4ssigen und dennoch raffinierten Look und eignet sich perfekt f\u00fcr einen Tag beim Einkaufen, bei der Arbeit oder in der Freizeit. Das unverwechselbare Finish und der Druck machen diese Tasche zu einem einzigartigen und modischen St\u00fcck.<\/p>\n<p>&nbsp;<\/p>","protected":false},"excerpt":{"rendered":"<p>Shopper-Tasche<\/p>","protected":false},"featured_media":23831,"comment_status":"open","ping_status":"closed","template":"","meta":{"inline_featured_image":false,"_kad_post_transparent":"default","_kad_post_title":"","_kad_post_layout":"default","_kad_post_sidebar_id":"","_kad_post_content_style":"default","_kad_post_vertical_padding":"default","_kad_post_feature":"","_kad_post_feature_position":"","_kad_post_header":false,"_kad_post_footer":false,"_kad_post_classname":""},"product_brand":[],"product_cat":[39],"product_tag":[],"class_list":{"0":"post-23331","1":"product","2":"type-product","3":"status-publish","4":"has-post-thumbnail","6":"product_cat-borse","8":"first","9":"instock","10":"shipping-taxable","11":"purchasable","12":"product-type-simple","13":"entry","14":"content-bg","15":"loop-entry"},"_links":{"self":[{"href":"https:\/\/zirulabag.com\/de\/wp-json\/wp\/v2\/product\/23331","targetHints":{"allow":["GET"]}}],"collection":[{"href":"https:\/\/zirulabag.com\/de\/wp-json\/wp\/v2\/product"}],"about":[{"href":"https:\/\/zirulabag.com\/de\/wp-json\/wp\/v2\/types\/product"}],"replies":[{"embeddable":true,"href":"https:\/\/zirulabag.com\/de\/wp-json\/wp\/v2\/comments?post=23331"}],"wp:featuredmedia":[{"embeddable":true,"href":"https:\/\/zirulabag.com\/de\/wp-json\/wp\/v2\/media\/23831"}],"wp:attachment":[{"href":"https:\/\/zirulabag.com\/de\/wp-json\/wp\/v2\/media?parent=23331"}],"wp:term":[{"taxonomy":"product_brand","embeddable":true,"href":"https:\/\/zirulabag.com\/de\/wp-json\/wp\/v2\/product_brand?post=23331"},{"taxonomy":"product_cat","embeddable":true,"href":"https:\/\/zirulabag.com\/de\/wp-json\/wp\/v2\/product_cat?post=23331"},{"taxonomy":"product_tag","embeddable":true,"href":"https:\/\/zirulabag.com\/de\/wp-json\/wp\/v2\/product_tag?post=23331"}],"curies":[{"name":"wp","href":"https:\/\/api.w.org\/{rel}","templated":true}]}}