{"id":22862,"date":"2024-12-11T23:38:39","date_gmt":"2024-12-11T22:38:39","guid":{"rendered":"https:\/\/www.myscarfinabox.com\/?page_id=22862"},"modified":"2024-12-11T23:38:39","modified_gmt":"2024-12-11T22:38:39","slug":"quienes-somos","status":"publish","type":"page","link":"https:\/\/zirulabag.com\/es\/quienes-somos\/","title":{"rendered":"Qui\u00e9nes somos"},"content":{"rendered":"<div data-elementor-type=\"wp-page\" data-elementor-id=\"22862\" class=\"elementor elementor-22862\" data-elementor-post-type=\"page\">\n\t\t\t\t<div class=\"elementor-element elementor-element-ec56444 e-flex e-con-boxed e-con e-parent\" data-id=\"ec56444\" data-element_type=\"container\" data-settings=\"{&quot;background_background&quot;:&quot;classic&quot;}\">\n\t\t\t\t\t<div class=\"e-con-inner\">\n\t\t\t\t\t<\/div>\n\t\t\t\t<\/div>\n\t\t<div class=\"elementor-element elementor-element-2baa1e4 e-con-full e-flex e-con e-parent\" data-id=\"2baa1e4\" data-element_type=\"container\" data-settings=\"{&quot;background_background&quot;:&quot;classic&quot;}\">\n\t\t<div class=\"elementor-element elementor-element-a67c99b e-con-full e-flex e-con e-child\" data-id=\"a67c99b\" data-element_type=\"container\" data-settings=\"{&quot;background_background&quot;:&quot;classic&quot;}\">\n\t\t<div class=\"elementor-element elementor-element-f88600e e-con-full e-flex e-con e-child\" data-id=\"f88600e\" data-element_type=\"container\">\n\t\t\t\t<div class=\"elementor-element elementor-element-9686a79 elementor-widget elementor-widget-image\" data-id=\"9686a79\" data-element_type=\"widget\" data-widget_type=\"image.default\">\n\t\t\t\t<div class=\"elementor-widget-container\">\n\t\t\t\t\t\t\t\t\t\t\t\t\t\t\t\t\t\t\t\t\t\t\t\t\t\t\t\t\t\t<\/div>\n\t\t\t\t<\/div>\n\t\t\t\t<\/div>\n\t\t<div class=\"elementor-element elementor-element-e437831 e-con-full e-flex e-con e-child\" data-id=\"e437831\" data-element_type=\"container\">\n\t\t\t\t<div class=\"elementor-element elementor-element-7120960 elementor-widget elementor-widget-heading\" data-id=\"7120960\" data-element_type=\"widget\" data-widget_type=\"heading.default\">\n\t\t\t\t<div class=\"elementor-widget-container\">\n\t\t\t\t\t<h2 class=\"elementor-heading-title elementor-size-default\">Mi bufanda en una caja<\/h2>\t\t\t\t<\/div>\n\t\t\t\t<\/div>\n\t\t\t\t<div class=\"elementor-element elementor-element-f69ef4c elementor-widget elementor-widget-heading\" data-id=\"f69ef4c\" data-element_type=\"widget\" data-widget_type=\"heading.default\">\n\t\t\t\t<div class=\"elementor-widget-container\">\n\t\t\t\t\t<h2 class=\"elementor-heading-title elementor-size-default\">El verdadero pa\u00f1uelo italiano<\/h2>\t\t\t\t<\/div>\n\t\t\t\t<\/div>\n\t\t\t\t<div class=\"elementor-element elementor-element-5aa6d7b elementor-widget__width-initial elementor-widget elementor-widget-text-editor\" data-id=\"5aa6d7b\" data-element_type=\"widget\" data-widget_type=\"text-editor.default\">\n\t\t\t\t<div class=\"elementor-widget-container\">\n\t\t\t\t\t\t\t\t\t<p>My Scarf in a Box naci\u00f3 del deseo de transformar la bufanda de un simple accesorio en un verdadero <strong>objeto de dise\u00f1o<\/strong>, utilizzando tecniche tradizionali italiane e ispirandoci ai luoghi pi\u00f9 iconici d\u2019Italia per i colori.<\/p><p>Somos artesanos, dise\u00f1adores y creadores, unidos por la pasi\u00f3n por el <strong>Fabricado en Italia<\/strong> e dalla volont\u00e0 di creare un prodotto che rappresenti l\u2019eleganza e lo stile italiano che il mondo ci invidia. Ogni sciarpa che realizziamo \u00e8 frutto di una combinazione unica di tradizione artigianale e design moderno.<\/p>\t\t\t\t\t\t\t\t<\/div>\n\t\t\t\t<\/div>\n\t\t\t\t<div class=\"elementor-element elementor-element-d17bfbc elementor-align-left elementor-widget elementor-widget-button\" data-id=\"d17bfbc\" data-element_type=\"widget\" id=\"sec\" data-widget_type=\"button.default\">\n\t\t\t\t<div class=\"elementor-widget-container\">\n\t\t\t\t\t\t\t\t\t<div class=\"elementor-button-wrapper\">\n\t\t\t\t\t<a class=\"elementor-button elementor-button-link elementor-size-sm elementor-animation-grow\" href=\"\/es\/tienda\/\">\n\t\t\t\t\t\t<span class=\"elementor-button-content-wrapper\">\n\t\t\t\t\t\t<span class=\"elementor-button-icon\">\n\t\t\t\t\t\t\t<\/span>\n\t\t\t\t\t\t\t\t\t<span class=\"elementor-button-text\">Ir a la tienda<\/span>\n\t\t\t\t\t<\/span>\n\t\t\t\t\t<\/a>\n\t\t\t\t<\/div>\n\t\t\t\t\t\t\t\t<\/div>\n\t\t\t\t<\/div>\n\t\t\t\t<\/div>\n\t\t\t\t<\/div>\n\t\t\t\t<\/div>\n\t\t<div class=\"elementor-element elementor-element-46f0981 e-flex e-con-boxed e-con e-parent\" data-id=\"46f0981\" data-element_type=\"container\" data-settings=\"{&quot;background_background&quot;:&quot;classic&quot;}\">\n\t\t\t\t\t<div class=\"e-con-inner\">\n\t\t\t\t<div class=\"elementor-element elementor-element-f1e80f7 elementor-widget elementor-widget-heading\" data-id=\"f1e80f7\" data-element_type=\"widget\" data-widget_type=\"heading.default\">\n\t\t\t\t<div class=\"elementor-widget-container\">\n\t\t\t\t\t<h2 class=\"elementor-heading-title elementor-size-default\">La idea de My Scarf in a Box<\/h2>\t\t\t\t<\/div>\n\t\t\t\t<\/div>\n\t\t\t\t<div class=\"elementor-element elementor-element-cb2a569 elementor-widget elementor-widget-html\" data-id=\"cb2a569\" data-element_type=\"widget\" data-widget_type=\"html.default\">\n\t\t\t\t<div class=\"elementor-widget-container\">\n\t\t\t\t\t<div style=\"position:relative;padding-top:56.25%;\"><iframe src=\"https:\/\/iframe.mediadelivery.net\/embed\/30709\/3bcc6a69-72c4-4c66-8252-7b9750f62ec7?autoplay=false&loop=true&muted=false&preload=false&responsive=true\" loading=\"lazy\" style=\"border:0;position:absolute;top:0;height:100%;width:100%;\" allow=\"accelerometer;gyroscope;autoplay;encrypted-media;picture-in-picture;\" allowfullscreen=\"true\"><\/iframe><\/div>\t\t\t\t<\/div>\n\t\t\t\t<\/div>\n\t\t\t\t<div class=\"elementor-element elementor-element-4cf21f8 elementor-align-center elementor-mobile-align-center elementor-widget elementor-widget-button\" data-id=\"4cf21f8\" data-element_type=\"widget\" data-widget_type=\"button.default\">\n\t\t\t\t<div class=\"elementor-widget-container\">\n\t\t\t\t\t\t\t\t\t<div class=\"elementor-button-wrapper\">\n\t\t\t\t\t<a class=\"elementor-button elementor-button-link elementor-size-sm elementor-animation-grow\" href=\"\/es\/tienda\/\">\n\t\t\t\t\t\t<span class=\"elementor-button-content-wrapper\">\n\t\t\t\t\t\t<span class=\"elementor-button-icon\">\n\t\t\t\t\t\t\t<\/span>\n\t\t\t\t\t\t\t\t\t<span class=\"elementor-button-text\">IR A LA TIENDA<\/span>\n\t\t\t\t\t<\/span>\n\t\t\t\t\t<\/a>\n\t\t\t\t<\/div>\n\t\t\t\t\t\t\t\t<\/div>\n\t\t\t\t<\/div>\n\t\t\t\t\t<\/div>\n\t\t\t\t<\/div>\n\t\t<div class=\"elementor-element elementor-element-ee4561c e-con-full e-flex e-con e-parent\" data-id=\"ee4561c\" data-element_type=\"container\" data-settings=\"{&quot;background_background&quot;:&quot;classic&quot;}\">\n\t\t<div class=\"elementor-element elementor-element-b23fdc9 e-con-full e-flex e-con e-child\" data-id=\"b23fdc9\" data-element_type=\"container\" data-settings=\"{&quot;background_background&quot;:&quot;classic&quot;}\">\n\t\t<div class=\"elementor-element elementor-element-e4773b7 e-con-full e-flex e-con e-child\" data-id=\"e4773b7\" data-element_type=\"container\">\n\t\t\t\t<div class=\"elementor-element elementor-element-9e1da19 elementor-widget elementor-widget-image\" data-id=\"9e1da19\" data-element_type=\"widget\" data-widget_type=\"image.default\">\n\t\t\t\t<div class=\"elementor-widget-container\">\n\t\t\t\t\t\t\t\t\t\t\t\t\t\t\t\t\t\t\t\t\t\t\t\t\t\t\t\t\t\t<\/div>\n\t\t\t\t<\/div>\n\t\t\t\t<\/div>\n\t\t<div class=\"elementor-element elementor-element-7f9faa0 e-con-full e-flex e-con e-child\" data-id=\"7f9faa0\" data-element_type=\"container\">\n\t\t\t\t<div class=\"elementor-element elementor-element-1bcc74f elementor-widget elementor-widget-heading\" data-id=\"1bcc74f\" data-element_type=\"widget\" data-widget_type=\"heading.default\">\n\t\t\t\t<div class=\"elementor-widget-container\">\n\t\t\t\t\t<h2 class=\"elementor-heading-title elementor-size-default\">Nuestra filosof\u00eda<\/h2>\t\t\t\t<\/div>\n\t\t\t\t<\/div>\n\t\t\t\t<div class=\"elementor-element elementor-element-7cd810f elementor-widget__width-initial elementor-widget elementor-widget-text-editor\" data-id=\"7cd810f\" data-element_type=\"widget\" data-widget_type=\"text-editor.default\">\n\t\t\t\t<div class=\"elementor-widget-container\">\n\t\t\t\t\t\t\t\t\t<p>Ogni sciarpa My Scarf in a Box \u00e8 creata con la massima attenzione ai dettagli, rispettando i tempi e i ritmi della tradizione artigianale italiana. <strong>Creemos en el valor de las cosas hechas con cuidado<\/strong>, e per noi, ogni cliente \u00e8 parte della nostra storia.\u00a0<\/p><p>Lavoriamo per offrire non solo un prodotto, ma un\u2019esperienza unica: ogni sciarpa \u00e8 confezionata con amore, come se fosse un gioiello, pronta per essere regalata o custodita come un prezioso ricordo.<\/p><p>Para nosotros, no se trata s\u00f3lo de vender un producto, sino de transmitir <strong>un\u2019emozione<\/strong> che accompagna chi indossa le nostre sciarpe nei momenti pi\u00f9 belli della vita. Dal design alla confezione, ogni aspetto \u00e8 curato con dedizione, per garantire che ogni sciarpa My Scarf in a Box sia davvero <strong>una pieza \u00fanica<\/strong>.<\/p><p>Somos artesanos, dise\u00f1adores y creadores, unidos por la pasi\u00f3n por el <strong>Fabricado en Italia<\/strong> e dalla volont\u00e0 di creare un prodotto che rappresenti l\u2019eleganza e lo stile italiano che il mondo ci invidia. Ogni sciarpa che realizziamo \u00e8 frutto di una combinazione unica di tradizione artigianale e design moderno.<\/p>\t\t\t\t\t\t\t\t<\/div>\n\t\t\t\t<\/div>\n\t\t\t\t<div class=\"elementor-element elementor-element-388f5e4 elementor-align-left elementor-widget elementor-widget-button\" data-id=\"388f5e4\" data-element_type=\"widget\" id=\"sec\" data-widget_type=\"button.default\">\n\t\t\t\t<div class=\"elementor-widget-container\">\n\t\t\t\t\t\t\t\t\t<div class=\"elementor-button-wrapper\">\n\t\t\t\t\t<a class=\"elementor-button elementor-button-link elementor-size-sm elementor-animation-grow\" href=\"\/es\/tienda\/\">\n\t\t\t\t\t\t<span class=\"elementor-button-content-wrapper\">\n\t\t\t\t\t\t<span class=\"elementor-button-icon\">\n\t\t\t\t\t\t\t<\/span>\n\t\t\t\t\t\t\t\t\t<span class=\"elementor-button-text\">Ir a la tienda<\/span>\n\t\t\t\t\t<\/span>\n\t\t\t\t\t<\/a>\n\t\t\t\t<\/div>\n\t\t\t\t\t\t\t\t<\/div>\n\t\t\t\t<\/div>\n\t\t\t\t<\/div>\n\t\t\t\t<\/div>\n\t\t<div class=\"elementor-element elementor-element-ff646c5 e-con-full e-flex e-con e-child\" data-id=\"ff646c5\" data-element_type=\"container\" data-settings=\"{&quot;background_background&quot;:&quot;classic&quot;}\">\n\t\t<div class=\"elementor-element elementor-element-e6962a0 e-con-full e-flex e-con e-child\" data-id=\"e6962a0\" data-element_type=\"container\" data-settings=\"{&quot;background_background&quot;:&quot;classic&quot;}\">\n\t\t<div class=\"elementor-element elementor-element-5b42e48 e-con-full e-flex e-con e-child\" data-id=\"5b42e48\" data-element_type=\"container\">\n\t\t\t\t<div class=\"elementor-element elementor-element-5649f8a elementor-widget elementor-widget-heading\" data-id=\"5649f8a\" data-element_type=\"widget\" data-widget_type=\"heading.default\">\n\t\t\t\t<div class=\"elementor-widget-container\">\n\t\t\t\t\t<h2 class=\"elementor-heading-title elementor-size-default\">Una historia de colores, lugares y culturas<\/h2>\t\t\t\t<\/div>\n\t\t\t\t<\/div>\n\t\t\t\t<div class=\"elementor-element elementor-element-c264b59 elementor-widget__width-initial elementor-widget elementor-widget-text-editor\" data-id=\"c264b59\" data-element_type=\"widget\" data-widget_type=\"text-editor.default\">\n\t\t\t\t<div class=\"elementor-widget-container\">\n\t\t\t\t\t\t\t\t\t<p>Nuestros pa\u00f1uelos no son s\u00f3lo obras de artesan\u00eda: cada pieza cuenta un <strong>historia<\/strong>. Ispirandoci ai colori e ai luoghi pi\u00f9 affascinanti d\u2019Italia, abbiamo creato una collezione che \u00e8 un viaggio tra le meraviglie del nostro Paese. Dalla <strong>Laguna de Venecia<\/strong> a <strong>Siena<\/strong>de <strong>Portofino<\/strong> a muchos otros destinos, nuestros pa\u00f1uelos son un homenaje a los paisajes y la cultura italianos.<\/p>\t\t\t\t\t\t\t\t<\/div>\n\t\t\t\t<\/div>\n\t\t\t\t<div class=\"elementor-element elementor-element-9c0cb3c elementor-align-left elementor-widget elementor-widget-button\" data-id=\"9c0cb3c\" data-element_type=\"widget\" id=\"sec\" data-widget_type=\"button.default\">\n\t\t\t\t<div class=\"elementor-widget-container\">\n\t\t\t\t\t\t\t\t\t<div class=\"elementor-button-wrapper\">\n\t\t\t\t\t<a class=\"elementor-button elementor-button-link elementor-size-sm elementor-animation-grow\" href=\"\/es\/tienda\/\">\n\t\t\t\t\t\t<span class=\"elementor-button-content-wrapper\">\n\t\t\t\t\t\t<span class=\"elementor-button-icon\">\n\t\t\t\t\t\t\t<\/span>\n\t\t\t\t\t\t\t\t\t<span class=\"elementor-button-text\">Ir a la tienda<\/span>\n\t\t\t\t\t<\/span>\n\t\t\t\t\t<\/a>\n\t\t\t\t<\/div>\n\t\t\t\t\t\t\t\t<\/div>\n\t\t\t\t<\/div>\n\t\t\t\t<\/div>\n\t\t<div class=\"elementor-element elementor-element-0608c32 e-con-full e-flex e-con e-child\" data-id=\"0608c32\" data-element_type=\"container\">\n\t\t\t\t<div class=\"elementor-element elementor-element-3c8317f elementor-widget elementor-widget-image\" data-id=\"3c8317f\" data-element_type=\"widget\" data-widget_type=\"image.default\">\n\t\t\t\t<div class=\"elementor-widget-container\">\n\t\t\t\t\t\t\t\t\t\t\t\t\t\t\t\t\t\t\t\t\t\t\t\t\t\t\t\t\t\t<\/div>\n\t\t\t\t<\/div>\n\t\t\t\t<\/div>\n\t\t\t\t<\/div>\n\t\t\t\t<\/div>\n\t\t\t\t<\/div>\n\t\t<div class=\"elementor-element elementor-element-9e4f8a0 e-con-full e-flex e-con e-parent\" data-id=\"9e4f8a0\" data-element_type=\"container\">\n\t\t<div class=\"elementor-element elementor-element-ccc8fb9 e-con-full e-flex e-con e-child\" data-id=\"ccc8fb9\" data-element_type=\"container\" data-settings=\"{&quot;background_background&quot;:&quot;classic&quot;}\">\n\t\t<div class=\"elementor-element elementor-element-508ff60 e-con-full e-flex e-con e-child\" data-id=\"508ff60\" data-element_type=\"container\" data-settings=\"{&quot;background_background&quot;:&quot;classic&quot;}\">\n\t\t<div class=\"elementor-element elementor-element-c71b02b e-con-full e-flex e-con e-child\" data-id=\"c71b02b\" data-element_type=\"container\">\n\t\t\t\t<div class=\"elementor-element elementor-element-e29ee2e elementor-widget elementor-widget-image\" data-id=\"e29ee2e\" data-element_type=\"widget\" data-widget_type=\"image.default\">\n\t\t\t\t<div class=\"elementor-widget-container\">\n\t\t\t\t\t\t\t\t\t\t\t\t\t\t\t\t\t\t\t\t\t\t\t\t\t\t\t\t\t\t<\/div>\n\t\t\t\t<\/div>\n\t\t\t\t<\/div>\n\t\t<div class=\"elementor-element elementor-element-dd749bf e-con-full e-flex e-con e-child\" data-id=\"dd749bf\" data-element_type=\"container\">\n\t\t\t\t<div class=\"elementor-element elementor-element-5ab4884 elementor-widget elementor-widget-heading\" data-id=\"5ab4884\" data-element_type=\"widget\" data-widget_type=\"heading.default\">\n\t\t\t\t<div class=\"elementor-widget-container\">\n\t\t\t\t\t<h2 class=\"elementor-heading-title elementor-size-default\">Nuestro objetivo<\/h2>\t\t\t\t<\/div>\n\t\t\t\t<\/div>\n\t\t\t\t<div class=\"elementor-element elementor-element-a9c0e4a elementor-widget__width-initial elementor-widget elementor-widget-text-editor\" data-id=\"a9c0e4a\" data-element_type=\"widget\" data-widget_type=\"text-editor.default\">\n\t\t\t\t<div class=\"elementor-widget-container\">\n\t\t\t\t\t\t\t\t\t<p>Abbiamo sempre creduto nell\u2019importanza di rimanere\u00a0<strong>focalizado<\/strong>. Anzich\u00e9 ampliare indiscriminatamente la nostra offerta, ci siamo concentrati su ci\u00f2 che sappiamo fare meglio:\u00a0<strong>creaci\u00f3n de bufandas de dise\u00f1o<\/strong>. \u00c8 il nostro impegno quotidiano e ci\u00f2 che ci distingue.<\/p>\t\t\t\t\t\t\t\t<\/div>\n\t\t\t\t<\/div>\n\t\t\t\t<div class=\"elementor-element elementor-element-b5cbe6f elementor-align-left elementor-widget elementor-widget-button\" data-id=\"b5cbe6f\" data-element_type=\"widget\" id=\"sec\" data-widget_type=\"button.default\">\n\t\t\t\t<div class=\"elementor-widget-container\">\n\t\t\t\t\t\t\t\t\t<div class=\"elementor-button-wrapper\">\n\t\t\t\t\t<a class=\"elementor-button elementor-button-link elementor-size-sm elementor-animation-grow\" href=\"\/es\/tienda\/\">\n\t\t\t\t\t\t<span class=\"elementor-button-content-wrapper\">\n\t\t\t\t\t\t<span class=\"elementor-button-icon\">\n\t\t\t\t\t\t\t<\/span>\n\t\t\t\t\t\t\t\t\t<span class=\"elementor-button-text\">Ir a la tienda<\/span>\n\t\t\t\t\t<\/span>\n\t\t\t\t\t<\/a>\n\t\t\t\t<\/div>\n\t\t\t\t\t\t\t\t<\/div>\n\t\t\t\t<\/div>\n\t\t\t\t<\/div>\n\t\t\t\t<\/div>\n\t\t<div class=\"elementor-element elementor-element-6291ab2 e-con-full e-flex e-con e-child\" data-id=\"6291ab2\" data-element_type=\"container\" data-settings=\"{&quot;background_background&quot;:&quot;classic&quot;}\">\n\t\t<div class=\"elementor-element elementor-element-a1f80ad e-con-full e-flex e-con e-child\" data-id=\"a1f80ad\" data-element_type=\"container\" data-settings=\"{&quot;background_background&quot;:&quot;classic&quot;}\">\n\t\t<div class=\"elementor-element elementor-element-4708c50 e-con-full e-flex e-con e-child\" data-id=\"4708c50\" data-element_type=\"container\">\n\t\t\t\t<div class=\"elementor-element elementor-element-ad262c9 elementor-widget elementor-widget-heading\" data-id=\"ad262c9\" data-element_type=\"widget\" data-widget_type=\"heading.default\">\n\t\t\t\t<div class=\"elementor-widget-container\">\n\t\t\t\t\t<h2 class=\"elementor-heading-title elementor-size-default\">Mi bufanda en una caja<\/h2>\t\t\t\t<\/div>\n\t\t\t\t<\/div>\n\t\t\t\t<div class=\"elementor-element elementor-element-bf4c24a elementor-widget elementor-widget-heading\" data-id=\"bf4c24a\" data-element_type=\"widget\" data-widget_type=\"heading.default\">\n\t\t\t\t<div class=\"elementor-widget-container\">\n\t\t\t\t\t<h2 class=\"elementor-heading-title elementor-size-default\">D\u00f3nde comprar una de nuestras bufandas<\/h2>\t\t\t\t<\/div>\n\t\t\t\t<\/div>\n\t\t\t\t<div class=\"elementor-element elementor-element-2964a47 elementor-widget__width-initial elementor-widget elementor-widget-text-editor\" data-id=\"2964a47\" data-element_type=\"widget\" data-widget_type=\"text-editor.default\">\n\t\t\t\t<div class=\"elementor-widget-container\">\n\t\t\t\t\t\t\t\t\t<p>Desde 2020, hemos optado por vender principalmente <strong>en l\u00ednea<\/strong>, puntando a una distribuzione globale che ci consente di mantenere l\u2019<strong>edici\u00f3n limitada<\/strong> y respeto por la <strong>producci\u00f3n artesanal<\/strong>. Ogni sciarpa \u00e8 un pezzo unico, pensato per clienti in tutto il mondo, e grazie a questa strategia, siamo riusciti a preservare l\u2019esclusivit\u00e0 del nostro lavoro.<\/p><p>Nuestros pa\u00f1uelos no s\u00f3lo son bonitos: representan la <strong>regalo perfecto<\/strong> per le occasioni importanti, un simbolo di eleganza e qualit\u00e0 che accompagna chi le indossa in ogni momento speciale della vita.<\/p>\t\t\t\t\t\t\t\t<\/div>\n\t\t\t\t<\/div>\n\t\t\t\t<div class=\"elementor-element elementor-element-78e6e3f elementor-align-left elementor-widget elementor-widget-button\" data-id=\"78e6e3f\" data-element_type=\"widget\" id=\"sec\" data-widget_type=\"button.default\">\n\t\t\t\t<div class=\"elementor-widget-container\">\n\t\t\t\t\t\t\t\t\t<div class=\"elementor-button-wrapper\">\n\t\t\t\t\t<a class=\"elementor-button elementor-button-link elementor-size-sm elementor-animation-grow\" href=\"\/es\/tienda\/\">\n\t\t\t\t\t\t<span class=\"elementor-button-content-wrapper\">\n\t\t\t\t\t\t<span class=\"elementor-button-icon\">\n\t\t\t\t\t\t\t<\/span>\n\t\t\t\t\t\t\t\t\t<span class=\"elementor-button-text\">Ir a la tienda<\/span>\n\t\t\t\t\t<\/span>\n\t\t\t\t\t<\/a>\n\t\t\t\t<\/div>\n\t\t\t\t\t\t\t\t<\/div>\n\t\t\t\t<\/div>\n\t\t\t\t<\/div>\n\t\t<div class=\"elementor-element elementor-element-c0a0b2a e-con-full e-flex e-con e-child\" data-id=\"c0a0b2a\" data-element_type=\"container\">\n\t\t\t\t<div class=\"elementor-element elementor-element-fa246a2 elementor-widget elementor-widget-image\" data-id=\"fa246a2\" data-element_type=\"widget\" data-widget_type=\"image.default\">\n\t\t\t\t<div class=\"elementor-widget-container\">\n\t\t\t\t\t\t\t\t\t\t\t\t\t\t\t\t\t\t\t\t\t\t\t\t\t\t\t\t\t\t<\/div>\n\t\t\t\t<\/div>\n\t\t\t\t<\/div>\n\t\t\t\t<\/div>\n\t\t\t\t<\/div>\n\t\t\t\t<\/div>\n\t\t\t\t<\/div>\n\t\t<div class=\"elementor-element elementor-element-93c3563 e-flex e-con-boxed e-con e-parent\" data-id=\"93c3563\" data-element_type=\"container\" data-settings=\"{&quot;background_background&quot;:&quot;classic&quot;}\">\n\t\t\t\t\t<div class=\"e-con-inner\">\n\t\t\t\t<div class=\"elementor-element elementor-element-f5fef98 elementor-widget elementor-widget-heading\" data-id=\"f5fef98\" data-element_type=\"widget\" data-widget_type=\"heading.default\">\n\t\t\t\t<div class=\"elementor-widget-container\">\n\t\t\t\t\t<h2 class=\"elementor-heading-title elementor-size-default\">\u00bfLe gustar\u00eda comprar uno?<\/h2>\t\t\t\t<\/div>\n\t\t\t\t<\/div>\n\t\t\t\t<div class=\"elementor-element elementor-element-e22e030 elementor-align-center elementor-mobile-align-center elementor-widget elementor-widget-button\" data-id=\"e22e030\" data-element_type=\"widget\" data-widget_type=\"button.default\">\n\t\t\t\t<div class=\"elementor-widget-container\">\n\t\t\t\t\t\t\t\t\t<div class=\"elementor-button-wrapper\">\n\t\t\t\t\t<a class=\"elementor-button elementor-button-link elementor-size-sm elementor-animation-grow\" href=\"\/es\/tienda\/\">\n\t\t\t\t\t\t<span class=\"elementor-button-content-wrapper\">\n\t\t\t\t\t\t<span class=\"elementor-button-icon\">\n\t\t\t\t\t\t\t<\/span>\n\t\t\t\t\t\t\t\t\t<span class=\"elementor-button-text\">IR A LA TIENDA<\/span>\n\t\t\t\t\t<\/span>\n\t\t\t\t\t<\/a>\n\t\t\t\t<\/div>\n\t\t\t\t\t\t\t\t<\/div>\n\t\t\t\t<\/div>\n\t\t\t\t\t<\/div>\n\t\t\t\t<\/div>\n\t\t\t\t<\/div>","protected":false},"excerpt":{"rendered":"<p>My Scarf in a Box La vera sciarpa italiana My Scarf in a Box nasce dal desiderio di trasformare la sciarpa da semplice accessorio in un vero e proprio oggetto di design, utilizzando tecniche tradizionali italiane e ispirandoci ai luoghi pi\u00f9 iconici d\u2019Italia per i colori. Siamo artigiani, designer e creatori, uniti dalla passione per&#8230;<\/p>","protected":false},"author":2,"featured_media":0,"parent":0,"menu_order":0,"comment_status":"closed","ping_status":"closed","template":"elementor_header_footer","meta":{"inline_featured_image":false,"_kad_post_transparent":"","_kad_post_title":"hide","_kad_post_layout":"fullwidth","_kad_post_sidebar_id":"","_kad_post_content_style":"unboxed","_kad_post_vertical_padding":"hide","_kad_post_feature":"hide","_kad_post_feature_position":"","_kad_post_header":false,"_kad_post_footer":false,"_kad_post_classname":"","footnotes":""},"class_list":["post-22862","page","type-page","status-publish","hentry"],"_links":{"self":[{"href":"https:\/\/zirulabag.com\/es\/wp-json\/wp\/v2\/pages\/22862","targetHints":{"allow":["GET"]}}],"collection":[{"href":"https:\/\/zirulabag.com\/es\/wp-json\/wp\/v2\/pages"}],"about":[{"href":"https:\/\/zirulabag.com\/es\/wp-json\/wp\/v2\/types\/page"}],"author":[{"embeddable":true,"href":"https:\/\/zirulabag.com\/es\/wp-json\/wp\/v2\/users\/2"}],"replies":[{"embeddable":true,"href":"https:\/\/zirulabag.com\/es\/wp-json\/wp\/v2\/comments?post=22862"}],"version-history":[{"count":0,"href":"https:\/\/zirulabag.com\/es\/wp-json\/wp\/v2\/pages\/22862\/revisions"}],"wp:attachment":[{"href":"https:\/\/zirulabag.com\/es\/wp-json\/wp\/v2\/media?parent=22862"}],"curies":[{"name":"wp","href":"https:\/\/api.w.org\/{rel}","templated":true}]}}