{"id":774,"date":"2024-06-10T13:49:50","date_gmt":"2024-06-10T11:49:50","guid":{"rendered":"https:\/\/www.veqexperience.com\/?page_id=774"},"modified":"2025-06-23T11:12:12","modified_gmt":"2025-06-23T09:12:12","slug":"acerca-de","status":"publish","type":"page","link":"https:\/\/zirulabag.com\/es\/acerca-de\/","title":{"rendered":"Qui\u00e9nes somos"},"content":{"rendered":"<div data-elementor-type=\"wp-page\" data-elementor-id=\"774\" class=\"elementor elementor-774\" data-elementor-post-type=\"page\">\n\t\t\t\t<div class=\"elementor-element elementor-element-ec56444 e-flex e-con-boxed e-con e-parent\" data-id=\"ec56444\" data-element_type=\"container\" data-settings=\"{&quot;background_background&quot;:&quot;classic&quot;}\">\n\t\t\t\t\t<div class=\"e-con-inner\">\n\t\t\t\t\t<\/div>\n\t\t\t\t<\/div>\n\t\t\t\t<section class=\"elementor-section elementor-top-section elementor-element elementor-element-2c800fc7 elementor-section-boxed elementor-section-height-default elementor-section-height-default\" data-id=\"2c800fc7\" data-element_type=\"section\" data-settings=\"{&quot;background_background&quot;:&quot;classic&quot;,&quot;shape_divider_top&quot;:&quot;tilt&quot;}\">\n\t\t\t\t\t<div class=\"elementor-shape elementor-shape-top\" aria-hidden=\"true\" data-negative=\"false\">\n\t\t\t<svg xmlns=\"http:\/\/www.w3.org\/2000\/svg\" viewbox=\"0 0 1000 100\" preserveaspectratio=\"none\">\n\t<path class=\"elementor-shape-fill\" d=\"M0,6V0h1000v100L0,6z\"\/>\n<\/svg>\t\t<\/div>\n\t\t\t\t\t<div class=\"elementor-container elementor-column-gap-no\">\n\t\t\t\t\t<div class=\"elementor-column elementor-col-100 elementor-top-column elementor-element elementor-element-4a3eeff8\" data-id=\"4a3eeff8\" data-element_type=\"column\">\n\t\t\t<div class=\"elementor-widget-wrap elementor-element-populated\">\n\t\t\t\t\t\t<section class=\"elementor-section elementor-inner-section elementor-element elementor-element-5821ae67 elementor-section-boxed elementor-section-height-default elementor-section-height-default\" data-id=\"5821ae67\" data-element_type=\"section\">\n\t\t\t\t\t\t<div class=\"elementor-container elementor-column-gap-default\">\n\t\t\t\t\t<div class=\"elementor-column elementor-col-100 elementor-inner-column elementor-element elementor-element-4cbc783d\" data-id=\"4cbc783d\" data-element_type=\"column\">\n\t\t\t<div class=\"elementor-widget-wrap elementor-element-populated\">\n\t\t\t\t\t\t<div class=\"elementor-element elementor-element-3cb2330 elementor-widget elementor-widget-image\" data-id=\"3cb2330\" data-element_type=\"widget\" data-widget_type=\"image.default\">\n\t\t\t\t<div class=\"elementor-widget-container\">\n\t\t\t\t\t\t\t\t\t\t\t\t\t\t\t<img fetchpriority=\"high\" decoding=\"async\" width=\"1024\" height=\"1024\" src=\"https:\/\/zirulabag.com\/wp-content\/uploads\/2025\/01\/ghillybagmark.svg\" class=\"attachment-large size-large wp-image-23555\" alt=\"\" \/>\t\t\t\t\t\t\t\t\t\t\t\t\t\t\t<\/div>\n\t\t\t\t<\/div>\n\t\t\t\t<div class=\"elementor-element elementor-element-fb82d29 elementor-widget elementor-widget-heading\" data-id=\"fb82d29\" data-element_type=\"widget\" data-widget_type=\"heading.default\">\n\t\t\t\t<div class=\"elementor-widget-container\">\n\t\t\t\t\t<h2 class=\"elementor-heading-title elementor-size-default\">UNA HISTORIA FANT\u00c1STICA<\/h2>\t\t\t\t<\/div>\n\t\t\t\t<\/div>\n\t\t<div class=\"elementor-element elementor-element-6e88c94 e-flex e-con-boxed e-con e-parent\" data-id=\"6e88c94\" data-element_type=\"container\">\n\t\t\t\t\t<div class=\"e-con-inner\">\n\t\t\t\t<div class=\"elementor-element elementor-element-40f1982 elementor-widget elementor-widget-image\" data-id=\"40f1982\" data-element_type=\"widget\" data-widget_type=\"image.default\">\n\t\t\t\t<div class=\"elementor-widget-container\">\n\t\t\t\t\t\t\t\t\t\t\t\t\t\t\t<img decoding=\"async\" width=\"1024\" height=\"1024\" src=\"https:\/\/zirulabag.com\/wp-content\/uploads\/2024\/12\/beadesigner-day2-9999_435-Modifica-1024x1024.jpg\" class=\"attachment-large size-large wp-image-23206\" alt=\"\" srcset=\"https:\/\/zirulabag.com\/wp-content\/uploads\/2024\/12\/beadesigner-day2-9999_435-Modifica-1024x1024.jpg 1024w, https:\/\/zirulabag.com\/wp-content\/uploads\/2024\/12\/beadesigner-day2-9999_435-Modifica-scaled-100x100.jpg 100w, https:\/\/zirulabag.com\/wp-content\/uploads\/2024\/12\/beadesigner-day2-9999_435-Modifica-scaled-2000x2000.jpg 2000w, https:\/\/zirulabag.com\/wp-content\/uploads\/2024\/12\/beadesigner-day2-9999_435-Modifica-300x300.jpg 300w, https:\/\/zirulabag.com\/wp-content\/uploads\/2024\/12\/beadesigner-day2-9999_435-Modifica-150x150.jpg 150w, https:\/\/zirulabag.com\/wp-content\/uploads\/2024\/12\/beadesigner-day2-9999_435-Modifica-768x768.jpg 768w, https:\/\/zirulabag.com\/wp-content\/uploads\/2024\/12\/beadesigner-day2-9999_435-Modifica-1536x1536.jpg 1536w, https:\/\/zirulabag.com\/wp-content\/uploads\/2024\/12\/beadesigner-day2-9999_435-Modifica-2048x2048.jpg 2048w, https:\/\/zirulabag.com\/wp-content\/uploads\/2024\/12\/beadesigner-day2-9999_435-Modifica-12x12.jpg 12w\" sizes=\"(max-width: 1024px) 100vw, 1024px\" \/>\t\t\t\t\t\t\t\t\t\t\t\t\t\t\t<\/div>\n\t\t\t\t<\/div>\n\t\t\t\t<div class=\"elementor-element elementor-element-dec1011 elementor-widget elementor-widget-image\" data-id=\"dec1011\" data-element_type=\"widget\" data-widget_type=\"image.default\">\n\t\t\t\t<div class=\"elementor-widget-container\">\n\t\t\t\t\t\t\t\t\t\t\t\t\t\t\t<img decoding=\"async\" width=\"1024\" height=\"1024\" src=\"https:\/\/zirulabag.com\/wp-content\/uploads\/2024\/12\/beadesigner-day2-9999_504-Modifica-1024x1024.jpg\" class=\"attachment-large size-large wp-image-23242\" alt=\"\" srcset=\"https:\/\/zirulabag.com\/wp-content\/uploads\/2024\/12\/beadesigner-day2-9999_504-Modifica-1024x1024.jpg 1024w, https:\/\/zirulabag.com\/wp-content\/uploads\/2024\/12\/beadesigner-day2-9999_504-Modifica-scaled-100x100.jpg 100w, https:\/\/zirulabag.com\/wp-content\/uploads\/2024\/12\/beadesigner-day2-9999_504-Modifica-scaled-2000x2000.jpg 2000w, https:\/\/zirulabag.com\/wp-content\/uploads\/2024\/12\/beadesigner-day2-9999_504-Modifica-300x300.jpg 300w, https:\/\/zirulabag.com\/wp-content\/uploads\/2024\/12\/beadesigner-day2-9999_504-Modifica-150x150.jpg 150w, https:\/\/zirulabag.com\/wp-content\/uploads\/2024\/12\/beadesigner-day2-9999_504-Modifica-768x768.jpg 768w, https:\/\/zirulabag.com\/wp-content\/uploads\/2024\/12\/beadesigner-day2-9999_504-Modifica-1536x1536.jpg 1536w, https:\/\/zirulabag.com\/wp-content\/uploads\/2024\/12\/beadesigner-day2-9999_504-Modifica-2048x2048.jpg 2048w, https:\/\/zirulabag.com\/wp-content\/uploads\/2024\/12\/beadesigner-day2-9999_504-Modifica-12x12.jpg 12w\" sizes=\"(max-width: 1024px) 100vw, 1024px\" \/>\t\t\t\t\t\t\t\t\t\t\t\t\t\t\t<\/div>\n\t\t\t\t<\/div>\n\t\t\t\t<div class=\"elementor-element elementor-element-19bdd04 elementor-widget elementor-widget-image\" data-id=\"19bdd04\" data-element_type=\"widget\" data-widget_type=\"image.default\">\n\t\t\t\t<div class=\"elementor-widget-container\">\n\t\t\t\t\t\t\t\t\t\t\t\t\t\t\t<img loading=\"lazy\" decoding=\"async\" width=\"1024\" height=\"1024\" src=\"https:\/\/zirulabag.com\/wp-content\/uploads\/2025\/06\/DSC04704-scaled-e1750249355677-1024x1024.jpg\" class=\"attachment-large size-large wp-image-23938\" alt=\"\" srcset=\"https:\/\/zirulabag.com\/wp-content\/uploads\/2025\/06\/DSC04704-scaled-e1750249355677-1024x1024.jpg 1024w, https:\/\/zirulabag.com\/wp-content\/uploads\/2025\/06\/DSC04704-scaled-e1750249355677-300x300.jpg 300w, https:\/\/zirulabag.com\/wp-content\/uploads\/2025\/06\/DSC04704-scaled-e1750249355677-150x150.jpg 150w, https:\/\/zirulabag.com\/wp-content\/uploads\/2025\/06\/DSC04704-scaled-e1750249355677-768x768.jpg 768w, https:\/\/zirulabag.com\/wp-content\/uploads\/2025\/06\/DSC04704-scaled-e1750249355677-1536x1536.jpg 1536w, https:\/\/zirulabag.com\/wp-content\/uploads\/2025\/06\/DSC04704-scaled-e1750249355677-12x12.jpg 12w, https:\/\/zirulabag.com\/wp-content\/uploads\/2025\/06\/DSC04704-scaled-e1750249355677-100x100.jpg 100w, https:\/\/zirulabag.com\/wp-content\/uploads\/2025\/06\/DSC04704-scaled-e1750249355677.jpg 1710w\" sizes=\"(max-width: 1024px) 100vw, 1024px\" \/>\t\t\t\t\t\t\t\t\t\t\t\t\t\t\t<\/div>\n\t\t\t\t<\/div>\n\t\t\t\t\t<\/div>\n\t\t\t\t<\/div>\n\t\t\t\t<div class=\"elementor-element elementor-element-4819d201 elementor-invisible elementor-widget elementor-widget-heading\" data-id=\"4819d201\" data-element_type=\"widget\" data-settings=\"{&quot;_animation&quot;:&quot;fadeInUp&quot;}\" data-widget_type=\"heading.default\">\n\t\t\t\t<div class=\"elementor-widget-container\">\n\t\t\t\t\t<h2 class=\"elementor-heading-title elementor-size-default\">SU HISTORIA<\/h2>\t\t\t\t<\/div>\n\t\t\t\t<\/div>\n\t\t\t\t<div class=\"elementor-element elementor-element-65c5d05 elementor-widget__width-initial elementor-widget elementor-widget-text-editor\" data-id=\"65c5d05\" data-element_type=\"widget\" data-widget_type=\"text-editor.default\">\n\t\t\t\t<div class=\"elementor-widget-container\">\n\t\t\t\t\t\t\t\t\t<p><strong>Contrastes que hablan, formas que cuentan. <\/strong><b>ZirulaBag se cre\u00f3 para quienes no temen expresar su dualidad.<\/b><\/p><p>Bolsos, bufandas y llaveros se convierten en herramientas de manifestaci\u00f3n emocional para expresar qui\u00e9n eres, incluso cuando las palabras no bastan.<br \/>Los protagonistas son los gr\u00e1ficos: explosivos, ir\u00f3nicos, a veces po\u00e9ticos, dan voz a los altibajos de la vida, mezclando elementos opuestos: caos y armon\u00eda, luz y sombra, colores vibrantes y blanco y negro. Como una monta\u00f1a rusa interior: una sucesi\u00f3n de subidas emocionantes y bajadas repentinas, ZirulaBag se inspira en el bipolarismo. Porque todos los estados de \u00e1nimo, incluso los m\u00e1s dif\u00edciles, pueden transformarse en arte.<\/p>\t\t\t\t\t\t\t\t<\/div>\n\t\t\t\t<\/div>\n\t\t\t\t<div class=\"elementor-element elementor-element-7814098 elementor-widget__width-initial elementor-widget elementor-widget-text-editor\" data-id=\"7814098\" data-element_type=\"widget\" data-widget_type=\"text-editor.default\">\n\t\t\t\t<div class=\"elementor-widget-container\">\n\t\t\t\t\t\t\t\t\t<p><b>Funcionalidad a la altura de la expresi\u00f3n<\/b><\/p><p>Hemos transformado el cl\u00e1sico shopper en un manifiesto visual y sensorial. Los ZirulaBags, con su silueta cl\u00e1sica y funcional para llevar en todas las ocasiones del d\u00eda, est\u00e1n pensados para quienes buscan accesorios que no solo sean bonitos, sino que tengan sentido. <br \/>Cada bolso se convierte en un lienzo en el que contar emociones, pensamientos, contrastes, pensado para quienes desean combinar practicidad y estilo con una fuerte personalidad.\u00a0<\/p><p><strong>Sin compromiso<\/strong>:<br \/>En el interior de nuestro shopper encontrar\u00e1s amplios bolsillos y espacios inteligentes. Por fuera, puedes personalizarlo con los accesorios intercambiables ZirulaBag: pa\u00f1uelo de seda y llavero de piel.\u00a0<br \/>Nuestras creaciones reflejan as\u00ed la multitud de lo humano, y nos invitan a mostrarlas sin filtros. Celebramos la belleza de ser aut\u00e9ntico, incluso (y especialmente) cuando es imperfecto. Ser uno mismo es el verdadero lujo.<b><\/b><\/p>\t\t\t\t\t\t\t\t<\/div>\n\t\t\t\t<\/div>\n\t\t\t\t\t<\/div>\n\t\t<\/div>\n\t\t\t\t\t<\/div>\n\t\t<\/section>\n\t\t\t\t\t<\/div>\n\t\t<\/div>\n\t\t\t\t\t<\/div>\n\t\t<\/section>\n\t\t\t\t<section class=\"elementor-section elementor-top-section elementor-element elementor-element-51dfcf78 elementor-section-boxed elementor-section-height-default elementor-section-height-default\" data-id=\"51dfcf78\" data-element_type=\"section\" data-settings=\"{&quot;shape_divider_top&quot;:&quot;tilt&quot;,&quot;shape_divider_bottom&quot;:&quot;tilt&quot;}\">\n\t\t\t\t\t<div class=\"elementor-shape elementor-shape-top\" aria-hidden=\"true\" data-negative=\"false\">\n\t\t\t<svg xmlns=\"http:\/\/www.w3.org\/2000\/svg\" viewbox=\"0 0 1000 100\" preserveaspectratio=\"none\">\n\t<path class=\"elementor-shape-fill\" d=\"M0,6V0h1000v100L0,6z\"\/>\n<\/svg>\t\t<\/div>\n\t\t\t\t<div class=\"elementor-shape elementor-shape-bottom\" aria-hidden=\"true\" data-negative=\"false\">\n\t\t\t<svg xmlns=\"http:\/\/www.w3.org\/2000\/svg\" viewbox=\"0 0 1000 100\" preserveaspectratio=\"none\">\n\t<path class=\"elementor-shape-fill\" d=\"M0,6V0h1000v100L0,6z\"\/>\n<\/svg>\t\t<\/div>\n\t\t\t\t\t<div class=\"elementor-container elementor-column-gap-no\">\n\t\t\t\t\t<div class=\"elementor-column elementor-col-50 elementor-top-column elementor-element elementor-element-1088f9ad elementor-invisible\" data-id=\"1088f9ad\" data-element_type=\"column\" data-settings=\"{&quot;animation&quot;:&quot;fadeInLeft&quot;}\">\n\t\t\t<div class=\"elementor-widget-wrap elementor-element-populated\">\n\t\t\t\t\t\t<div class=\"elementor-element elementor-element-441a8350 elementor-invisible elementor-widget elementor-widget-heading\" data-id=\"441a8350\" data-element_type=\"widget\" data-settings=\"{&quot;_animation&quot;:&quot;fadeInUp&quot;}\" data-widget_type=\"heading.default\">\n\t\t\t\t<div class=\"elementor-widget-container\">\n\t\t\t\t\t<h2 class=\"elementor-heading-title elementor-size-default\">S\u00edguenos en\nInstagram<span>.<\/span><\/h2>\t\t\t\t<\/div>\n\t\t\t\t<\/div>\n\t\t\t\t\t<\/div>\n\t\t<\/div>\n\t\t\t\t<div class=\"elementor-column elementor-col-50 elementor-top-column elementor-element elementor-element-3a398fde elementor-invisible\" data-id=\"3a398fde\" data-element_type=\"column\" data-settings=\"{&quot;animation&quot;:&quot;fadeInRight&quot;}\">\n\t\t\t<div class=\"elementor-widget-wrap elementor-element-populated\">\n\t\t\t\t\t\t<section class=\"elementor-section elementor-inner-section elementor-element elementor-element-403616e5 elementor-section-boxed elementor-section-height-default elementor-section-height-default\" data-id=\"403616e5\" data-element_type=\"section\">\n\t\t\t\t\t\t<div class=\"elementor-container elementor-column-gap-no\">\n\t\t\t\t\t<div class=\"elementor-column elementor-col-50 elementor-inner-column elementor-element elementor-element-212e4931\" data-id=\"212e4931\" data-element_type=\"column\">\n\t\t\t<div class=\"elementor-widget-wrap elementor-element-populated\">\n\t\t\t\t\t\t<div class=\"elementor-element elementor-element-20ce5c1b elementor-widget__width-auto elementor-absolute elementor-widget elementor-widget-button\" data-id=\"20ce5c1b\" data-element_type=\"widget\" data-settings=\"{&quot;_position&quot;:&quot;absolute&quot;}\" data-widget_type=\"button.default\">\n\t\t\t\t<div class=\"elementor-widget-container\">\n\t\t\t\t\t\t\t\t\t<div class=\"elementor-button-wrapper\">\n\t\t\t\t\t<a class=\"elementor-button elementor-button-link elementor-size-sm\" href=\"#\">\n\t\t\t\t\t\t<span class=\"elementor-button-content-wrapper\">\n\t\t\t\t\t\t<span class=\"elementor-button-icon\">\n\t\t\t\t<svg aria-hidden=\"true\" class=\"e-font-icon-svg e-fab-instagram\" viewbox=\"0 0 448 512\" xmlns=\"http:\/\/www.w3.org\/2000\/svg\"><path d=\"M224.1 141c-63.6 0-114.9 51.3-114.9 114.9s51.3 114.9 114.9 114.9S339 319.5 339 255.9 287.7 141 224.1 141zm0 189.6c-41.1 0-74.7-33.5-74.7-74.7s33.5-74.7 74.7-74.7 74.7 33.5 74.7 74.7-33.6 74.7-74.7 74.7zm146.4-194.3c0 14.9-12 26.8-26.8 26.8-14.9 0-26.8-12-26.8-26.8s12-26.8 26.8-26.8 26.8 12 26.8 26.8zm76.1 27.2c-1.7-35.9-9.9-67.7-36.2-93.9-26.2-26.2-58-34.4-93.9-36.2-37-2.1-147.9-2.1-184.9 0-35.8 1.7-67.6 9.9-93.9 36.1s-34.4 58-36.2 93.9c-2.1 37-2.1 147.9 0 184.9 1.7 35.9 9.9 67.7 36.2 93.9s58 34.4 93.9 36.2c37 2.1 147.9 2.1 184.9 0 35.9-1.7 67.7-9.9 93.9-36.2 26.2-26.2 34.4-58 36.2-93.9 2.1-37 2.1-147.8 0-184.8zM398.8 388c-7.8 19.6-22.9 34.7-42.6 42.6-29.5 11.7-99.5 9-132.1 9s-102.7 2.6-132.1-9c-19.6-7.8-34.7-22.9-42.6-42.6-11.7-29.5-9-99.5-9-132.1s-2.6-102.7 9-132.1c7.8-19.6 22.9-34.7 42.6-42.6 29.5-11.7 99.5-9 132.1-9s102.7-2.6 132.1 9c19.6 7.8 34.7 22.9 42.6 42.6 11.7 29.5 9 99.5 9 132.1s2.7 102.7-9 132.1z\"><\/path><\/svg>\t\t\t<\/span>\n\t\t\t\t\t\t\t\t\t<span class=\"elementor-button-text\">Instagram<\/span>\n\t\t\t\t\t<\/span>\n\t\t\t\t\t<\/a>\n\t\t\t\t<\/div>\n\t\t\t\t\t\t\t\t<\/div>\n\t\t\t\t<\/div>\n\t\t\t\t\t<\/div>\n\t\t<\/div>\n\t\t\t\t<div class=\"elementor-column elementor-col-50 elementor-inner-column elementor-element elementor-element-297dd9b1\" data-id=\"297dd9b1\" data-element_type=\"column\">\n\t\t\t<div class=\"elementor-widget-wrap\">\n\t\t\t\t\t\t\t<\/div>\n\t\t<\/div>\n\t\t\t\t\t<\/div>\n\t\t<\/section>\n\t\t\t\t<section class=\"elementor-section elementor-inner-section elementor-element elementor-element-efcaed9 elementor-section-boxed elementor-section-height-default elementor-section-height-default\" data-id=\"efcaed9\" data-element_type=\"section\">\n\t\t\t\t\t\t<div class=\"elementor-container elementor-column-gap-no\">\n\t\t\t\t\t<div class=\"elementor-column elementor-col-50 elementor-inner-column elementor-element elementor-element-16644e2a\" data-id=\"16644e2a\" data-element_type=\"column\">\n\t\t\t<div class=\"elementor-widget-wrap elementor-element-populated\">\n\t\t\t\t\t\t<div class=\"elementor-element elementor-element-51151bb1 elementor-widget elementor-widget-image\" data-id=\"51151bb1\" data-element_type=\"widget\" data-widget_type=\"image.default\">\n\t\t\t\t<div class=\"elementor-widget-container\">\n\t\t\t\t\t\t\t\t\t\t\t\t\t\t\t<img loading=\"lazy\" decoding=\"async\" width=\"1707\" height=\"2560\" src=\"https:\/\/zirulabag.com\/wp-content\/uploads\/2024\/12\/2024.12.10-BAD_DSC5636-1-scaled.jpg\" class=\"attachment-full size-full wp-image-23797\" alt=\"\" srcset=\"https:\/\/zirulabag.com\/wp-content\/uploads\/2024\/12\/2024.12.10-BAD_DSC5636-1-scaled.jpg 1707w, https:\/\/zirulabag.com\/wp-content\/uploads\/2024\/12\/2024.12.10-BAD_DSC5636-1-200x300.jpg 200w, https:\/\/zirulabag.com\/wp-content\/uploads\/2024\/12\/2024.12.10-BAD_DSC5636-1-683x1024.jpg 683w, https:\/\/zirulabag.com\/wp-content\/uploads\/2024\/12\/2024.12.10-BAD_DSC5636-1-768x1152.jpg 768w, https:\/\/zirulabag.com\/wp-content\/uploads\/2024\/12\/2024.12.10-BAD_DSC5636-1-1024x1536.jpg 1024w, https:\/\/zirulabag.com\/wp-content\/uploads\/2024\/12\/2024.12.10-BAD_DSC5636-1-1365x2048.jpg 1365w, https:\/\/zirulabag.com\/wp-content\/uploads\/2024\/12\/2024.12.10-BAD_DSC5636-1-8x12.jpg 8w, https:\/\/zirulabag.com\/wp-content\/uploads\/2024\/12\/2024.12.10-BAD_DSC5636-1-2000x3000.jpg 2000w\" sizes=\"(max-width: 1707px) 100vw, 1707px\" \/>\t\t\t\t\t\t\t\t\t\t\t\t\t\t\t<\/div>\n\t\t\t\t<\/div>\n\t\t\t\t\t<\/div>\n\t\t<\/div>\n\t\t\t\t<div class=\"elementor-column elementor-col-50 elementor-inner-column elementor-element elementor-element-6287865b\" data-id=\"6287865b\" data-element_type=\"column\">\n\t\t\t<div class=\"elementor-widget-wrap elementor-element-populated\">\n\t\t\t\t\t\t<div class=\"elementor-element elementor-element-2f9c51db elementor-widget elementor-widget-image\" data-id=\"2f9c51db\" data-element_type=\"widget\" data-widget_type=\"image.default\">\n\t\t\t\t<div class=\"elementor-widget-container\">\n\t\t\t\t\t\t\t\t\t\t\t\t\t\t\t<img loading=\"lazy\" decoding=\"async\" width=\"1024\" height=\"683\" src=\"https:\/\/zirulabag.com\/wp-content\/uploads\/2025\/04\/DSC06670-1-1024x683.jpg\" class=\"attachment-large size-large wp-image-23813\" alt=\"\" srcset=\"https:\/\/zirulabag.com\/wp-content\/uploads\/2025\/04\/DSC06670-1-1024x683.jpg 1024w, https:\/\/zirulabag.com\/wp-content\/uploads\/2025\/04\/DSC06670-1-300x200.jpg 300w, https:\/\/zirulabag.com\/wp-content\/uploads\/2025\/04\/DSC06670-1-768x512.jpg 768w, https:\/\/zirulabag.com\/wp-content\/uploads\/2025\/04\/DSC06670-1-1536x1024.jpg 1536w, https:\/\/zirulabag.com\/wp-content\/uploads\/2025\/04\/DSC06670-1-2048x1365.jpg 2048w, https:\/\/zirulabag.com\/wp-content\/uploads\/2025\/04\/DSC06670-1-18x12.jpg 18w, https:\/\/zirulabag.com\/wp-content\/uploads\/2025\/04\/DSC06670-1-2000x1333.jpg 2000w\" sizes=\"(max-width: 1024px) 100vw, 1024px\" \/>\t\t\t\t\t\t\t\t\t\t\t\t\t\t\t<\/div>\n\t\t\t\t<\/div>\n\t\t\t\t<div class=\"elementor-element elementor-element-643e8b06 elementor-widget elementor-widget-image\" data-id=\"643e8b06\" data-element_type=\"widget\" data-widget_type=\"image.default\">\n\t\t\t\t<div class=\"elementor-widget-container\">\n\t\t\t\t\t\t\t\t\t\t\t\t\t\t\t<img loading=\"lazy\" decoding=\"async\" width=\"1024\" height=\"1024\" src=\"https:\/\/zirulabag.com\/wp-content\/uploads\/2025\/04\/beadesigner-day2-9999_405-Modifica-1-scaled-e1744729514886-1024x1024.jpg\" class=\"attachment-large size-large wp-image-23748\" alt=\"\" srcset=\"https:\/\/zirulabag.com\/wp-content\/uploads\/2025\/04\/beadesigner-day2-9999_405-Modifica-1-scaled-e1744729514886-1024x1024.jpg 1024w, https:\/\/zirulabag.com\/wp-content\/uploads\/2025\/04\/beadesigner-day2-9999_405-Modifica-1-scaled-e1744729514886-300x300.jpg 300w, https:\/\/zirulabag.com\/wp-content\/uploads\/2025\/04\/beadesigner-day2-9999_405-Modifica-1-scaled-e1744729514886-150x150.jpg 150w, https:\/\/zirulabag.com\/wp-content\/uploads\/2025\/04\/beadesigner-day2-9999_405-Modifica-1-scaled-e1744729514886-768x768.jpg 768w, https:\/\/zirulabag.com\/wp-content\/uploads\/2025\/04\/beadesigner-day2-9999_405-Modifica-1-scaled-e1744729514886-1536x1536.jpg 1536w, https:\/\/zirulabag.com\/wp-content\/uploads\/2025\/04\/beadesigner-day2-9999_405-Modifica-1-scaled-e1744729514886-12x12.jpg 12w, https:\/\/zirulabag.com\/wp-content\/uploads\/2025\/04\/beadesigner-day2-9999_405-Modifica-1-scaled-e1744729514886-100x100.jpg 100w, https:\/\/zirulabag.com\/wp-content\/uploads\/2025\/04\/beadesigner-day2-9999_405-Modifica-1-scaled-e1744729514886.jpg 1707w\" sizes=\"(max-width: 1024px) 100vw, 1024px\" \/>\t\t\t\t\t\t\t\t\t\t\t\t\t\t\t<\/div>\n\t\t\t\t<\/div>\n\t\t\t\t\t<\/div>\n\t\t<\/div>\n\t\t\t\t\t<\/div>\n\t\t<\/section>\n\t\t\t\t\t<\/div>\n\t\t<\/div>\n\t\t\t\t\t<\/div>\n\t\t<\/section>\n\t\t\t\t<\/div>","protected":false},"excerpt":{"rendered":"<p>SU FANT\u00c1STICA HISTORIA Contrastes que hablan, formas que cuentan. ZirulaBag se cre\u00f3 para quienes no temen expresar su dualidad. Bolsos, fulares y llaveros se convierten en manifiestos emocionales para expresar qui\u00e9n eres, incluso cuando las palabras no bastan.Los protagonistas son los gr\u00e1ficos: explosivos, ir\u00f3nicos, a veces po\u00e9ticos, dan voz a los altibajos de...<\/p>","protected":false},"author":2,"featured_media":0,"parent":0,"menu_order":0,"comment_status":"closed","ping_status":"closed","template":"elementor_header_footer","meta":{"inline_featured_image":false,"_kad_post_transparent":"","_kad_post_title":"hide","_kad_post_layout":"fullwidth","_kad_post_sidebar_id":"","_kad_post_content_style":"unboxed","_kad_post_vertical_padding":"hide","_kad_post_feature":"hide","_kad_post_feature_position":"","_kad_post_header":false,"_kad_post_footer":false,"_kad_post_classname":"","footnotes":""},"class_list":["post-774","page","type-page","status-publish","hentry"],"_links":{"self":[{"href":"https:\/\/zirulabag.com\/es\/wp-json\/wp\/v2\/pages\/774","targetHints":{"allow":["GET"]}}],"collection":[{"href":"https:\/\/zirulabag.com\/es\/wp-json\/wp\/v2\/pages"}],"about":[{"href":"https:\/\/zirulabag.com\/es\/wp-json\/wp\/v2\/types\/page"}],"author":[{"embeddable":true,"href":"https:\/\/zirulabag.com\/es\/wp-json\/wp\/v2\/users\/2"}],"replies":[{"embeddable":true,"href":"https:\/\/zirulabag.com\/es\/wp-json\/wp\/v2\/comments?post=774"}],"version-history":[{"count":0,"href":"https:\/\/zirulabag.com\/es\/wp-json\/wp\/v2\/pages\/774\/revisions"}],"wp:attachment":[{"href":"https:\/\/zirulabag.com\/es\/wp-json\/wp\/v2\/media?parent=774"}],"curies":[{"name":"wp","href":"https:\/\/api.w.org\/{rel}","templated":true}]}}