{"id":23294,"date":"2024-12-30T23:10:42","date_gmt":"2024-12-30T22:10:42","guid":{"rendered":"https:\/\/zirulabag.com\/?post_type=product&#038;p=23294"},"modified":"2026-01-15T22:11:55","modified_gmt":"2026-01-15T21:11:55","slug":"jorgia","status":"publish","type":"product","link":"https:\/\/zirulabag.com\/es\/producto-2\/jorgia\/","title":{"rendered":"Giorgia"},"content":{"rendered":"<p>Moderno y l\u00fadico, el bolso Giorgia luce un estampado de vivos colores en un original motivo que llama inmediatamente la atenci\u00f3n. En contraste con el color exterior, el forro interior es \u00fanico, con un estampado monocromo en blanco y negro. Ligero, resistente y espacioso, es el accesorio ideal para quienes buscan el equilibrio perfecto entre funcionalidad y estilo.<\/p>\n<p>Sus pr\u00e1cticas y c\u00f3modas asas permiten llevarla en la mano o al hombro, mientras que su dise\u00f1o vers\u00e1til la hace adecuada para cualquier ocasi\u00f3n, desde el trabajo hasta el ocio.<\/p>","protected":false},"excerpt":{"rendered":"<p>Bolsa<\/p>","protected":false},"featured_media":23792,"comment_status":"open","ping_status":"closed","template":"","meta":{"inline_featured_image":false,"_kad_post_transparent":"default","_kad_post_title":"","_kad_post_layout":"default","_kad_post_sidebar_id":"","_kad_post_content_style":"default","_kad_post_vertical_padding":"default","_kad_post_feature":"","_kad_post_feature_position":"","_kad_post_header":false,"_kad_post_footer":false,"_kad_post_classname":""},"product_brand":[],"product_cat":[39],"product_tag":[],"class_list":{"0":"post-23294","1":"product","2":"type-product","3":"status-publish","4":"has-post-thumbnail","6":"product_cat-borse","8":"first","9":"instock","10":"shipping-taxable","11":"purchasable","12":"product-type-simple","13":"entry","14":"content-bg","15":"loop-entry"},"_links":{"self":[{"href":"https:\/\/zirulabag.com\/es\/wp-json\/wp\/v2\/product\/23294","targetHints":{"allow":["GET"]}}],"collection":[{"href":"https:\/\/zirulabag.com\/es\/wp-json\/wp\/v2\/product"}],"about":[{"href":"https:\/\/zirulabag.com\/es\/wp-json\/wp\/v2\/types\/product"}],"replies":[{"embeddable":true,"href":"https:\/\/zirulabag.com\/es\/wp-json\/wp\/v2\/comments?post=23294"}],"wp:featuredmedia":[{"embeddable":true,"href":"https:\/\/zirulabag.com\/es\/wp-json\/wp\/v2\/media\/23792"}],"wp:attachment":[{"href":"https:\/\/zirulabag.com\/es\/wp-json\/wp\/v2\/media?parent=23294"}],"wp:term":[{"taxonomy":"product_brand","embeddable":true,"href":"https:\/\/zirulabag.com\/es\/wp-json\/wp\/v2\/product_brand?post=23294"},{"taxonomy":"product_cat","embeddable":true,"href":"https:\/\/zirulabag.com\/es\/wp-json\/wp\/v2\/product_cat?post=23294"},{"taxonomy":"product_tag","embeddable":true,"href":"https:\/\/zirulabag.com\/es\/wp-json\/wp\/v2\/product_tag?post=23294"}],"curies":[{"name":"wp","href":"https:\/\/api.w.org\/{rel}","templated":true}]}}