{"id":23003,"date":"2024-12-04T15:27:53","date_gmt":"2024-12-04T14:27:53","guid":{"rendered":"https:\/\/zirulabag.com\/?post_type=product&#038;p=23003"},"modified":"2026-01-15T22:12:28","modified_gmt":"2026-01-15T21:12:28","slug":"arianna","status":"publish","type":"product","link":"https:\/\/zirulabag.com\/fr\/produit-2\/arianna\/","title":{"rendered":"Arianna"},"content":{"rendered":"<p>Sophistiqu\u00e9 et polyvalent, le sac Arianna est l'accessoire id\u00e9al pour celles qui recherchent l'\u00e9quilibre entre \u00e9l\u00e9gance et originalit\u00e9. Avec son imprim\u00e9 monochrome dans les tons gris, ce sac au design \u00e9pur\u00e9 s'adapte \u00e0 tous les looks avec discr\u00e9tion et style. Le contraste avec la doublure imprim\u00e9e de couleurs vives cr\u00e9e un effet saisissant, ajoutant une touche d'espi\u00e8glerie et d'originalit\u00e9 \u00e0 l'int\u00e9rieur, tout en conservant une ligne \u00e9pur\u00e9e et \u00e9l\u00e9gante \u00e0 l'ext\u00e9rieur.<\/p>\n<p>&nbsp;<\/p>\n<p>Avec une capacit\u00e9 g\u00e9n\u00e9reuse et des poign\u00e9es confortables, il est id\u00e9al pour transporter tout ce dont vous avez besoin pour le travail et les loisirs. Parfait pour celles qui aiment se d\u00e9marquer avec un accessoire \u00e0 la fois raffin\u00e9 et fonctionnel, le shopper Arianna est un choix gagnant en toute occasion.<\/p>\n<p>&nbsp;<\/p>","protected":false},"excerpt":{"rendered":"<p>Sophistiqu\u00e9 et polyvalent, le sac Arianna est l'accessoire id\u00e9al pour celles qui recherchent l'\u00e9quilibre entre \u00e9l\u00e9gance et originalit\u00e9. Dot\u00e9 d'un imprim\u00e9 monochrome dans les tons gris, ce sac au design \u00e9pur\u00e9 s'adapte \u00e0 tous les looks avec discr\u00e9tion et style. Le contraste avec la doublure imprim\u00e9e de couleur vive...<\/p>","protected":false},"featured_media":23788,"comment_status":"open","ping_status":"closed","template":"","meta":{"inline_featured_image":false,"_kad_post_transparent":"default","_kad_post_title":"","_kad_post_layout":"default","_kad_post_sidebar_id":"","_kad_post_content_style":"default","_kad_post_vertical_padding":"default","_kad_post_feature":"","_kad_post_feature_position":"","_kad_post_header":false,"_kad_post_footer":false,"_kad_post_classname":""},"product_brand":[],"product_cat":[39],"product_tag":[],"class_list":{"0":"post-23003","1":"product","2":"type-product","3":"status-publish","4":"has-post-thumbnail","6":"product_cat-borse","8":"first","9":"instock","10":"shipping-taxable","11":"purchasable","12":"product-type-simple","13":"entry","14":"content-bg","15":"loop-entry"},"_links":{"self":[{"href":"https:\/\/zirulabag.com\/fr\/wp-json\/wp\/v2\/product\/23003","targetHints":{"allow":["GET"]}}],"collection":[{"href":"https:\/\/zirulabag.com\/fr\/wp-json\/wp\/v2\/product"}],"about":[{"href":"https:\/\/zirulabag.com\/fr\/wp-json\/wp\/v2\/types\/product"}],"replies":[{"embeddable":true,"href":"https:\/\/zirulabag.com\/fr\/wp-json\/wp\/v2\/comments?post=23003"}],"wp:featuredmedia":[{"embeddable":true,"href":"https:\/\/zirulabag.com\/fr\/wp-json\/wp\/v2\/media\/23788"}],"wp:attachment":[{"href":"https:\/\/zirulabag.com\/fr\/wp-json\/wp\/v2\/media?parent=23003"}],"wp:term":[{"taxonomy":"product_brand","embeddable":true,"href":"https:\/\/zirulabag.com\/fr\/wp-json\/wp\/v2\/product_brand?post=23003"},{"taxonomy":"product_cat","embeddable":true,"href":"https:\/\/zirulabag.com\/fr\/wp-json\/wp\/v2\/product_cat?post=23003"},{"taxonomy":"product_tag","embeddable":true,"href":"https:\/\/zirulabag.com\/fr\/wp-json\/wp\/v2\/product_tag?post=23003"}],"curies":[{"name":"wp","href":"https:\/\/api.w.org\/{rel}","templated":true}]}}