{"id":23296,"date":"2024-12-30T23:11:23","date_gmt":"2024-12-30T22:11:23","guid":{"rendered":"https:\/\/zirulabag.com\/?post_type=product&#038;p=23296"},"modified":"2026-01-15T22:11:23","modified_gmt":"2026-01-15T21:11:23","slug":"aurore","status":"publish","type":"product","link":"https:\/\/zirulabag.com\/fr\/produit-2\/aurore\/","title":{"rendered":"Aurore"},"content":{"rendered":"<p>Le sac Aurora est une interpr\u00e9tation raffin\u00e9e et contemporaine du mod\u00e8le Anita, avec un imprim\u00e9 noir et blanc qui lui conf\u00e8re un effet visuel sophistiqu\u00e9 et intemporel. L'ext\u00e9rieur minimaliste mais saisissant est rehauss\u00e9 par une doublure vibrante et color\u00e9e, imprim\u00e9e d'un motif exclusif qui surprend \u00e0 chaque fois que l'on ouvre le sac.<\/p>\n<p>Avec une capacit\u00e9 g\u00e9n\u00e9reuse et des poign\u00e9es confortables, l'Aurora est id\u00e9al pour tous les moments de la vie quotidienne, du travail aux loisirs, avec un design qui ne passe pas inaper\u00e7u. Le sac Aurora est la pi\u00e8ce ma\u00eetresse de la collection, con\u00e7ue pour celles qui veulent allier praticit\u00e9, style et forte personnalit\u00e9.<\/p>","protected":false},"excerpt":{"rendered":"<p>Sac \u00e0 main<\/p>","protected":false},"featured_media":23796,"comment_status":"open","ping_status":"closed","template":"","meta":{"inline_featured_image":false,"_kad_post_transparent":"default","_kad_post_title":"","_kad_post_layout":"default","_kad_post_sidebar_id":"","_kad_post_content_style":"default","_kad_post_vertical_padding":"default","_kad_post_feature":"","_kad_post_feature_position":"","_kad_post_header":false,"_kad_post_footer":false,"_kad_post_classname":""},"product_brand":[],"product_cat":[39],"product_tag":[],"class_list":{"0":"post-23296","1":"product","2":"type-product","3":"status-publish","4":"has-post-thumbnail","6":"product_cat-borse","8":"first","9":"instock","10":"shipping-taxable","11":"purchasable","12":"product-type-simple","13":"entry","14":"content-bg","15":"loop-entry"},"_links":{"self":[{"href":"https:\/\/zirulabag.com\/fr\/wp-json\/wp\/v2\/product\/23296","targetHints":{"allow":["GET"]}}],"collection":[{"href":"https:\/\/zirulabag.com\/fr\/wp-json\/wp\/v2\/product"}],"about":[{"href":"https:\/\/zirulabag.com\/fr\/wp-json\/wp\/v2\/types\/product"}],"replies":[{"embeddable":true,"href":"https:\/\/zirulabag.com\/fr\/wp-json\/wp\/v2\/comments?post=23296"}],"wp:featuredmedia":[{"embeddable":true,"href":"https:\/\/zirulabag.com\/fr\/wp-json\/wp\/v2\/media\/23796"}],"wp:attachment":[{"href":"https:\/\/zirulabag.com\/fr\/wp-json\/wp\/v2\/media?parent=23296"}],"wp:term":[{"taxonomy":"product_brand","embeddable":true,"href":"https:\/\/zirulabag.com\/fr\/wp-json\/wp\/v2\/product_brand?post=23296"},{"taxonomy":"product_cat","embeddable":true,"href":"https:\/\/zirulabag.com\/fr\/wp-json\/wp\/v2\/product_cat?post=23296"},{"taxonomy":"product_tag","embeddable":true,"href":"https:\/\/zirulabag.com\/fr\/wp-json\/wp\/v2\/product_tag?post=23296"}],"curies":[{"name":"wp","href":"https:\/\/api.w.org\/{rel}","templated":true}]}}