{"id":23297,"date":"2024-12-30T23:11:45","date_gmt":"2024-12-30T22:11:45","guid":{"rendered":"https:\/\/zirulabag.com\/?post_type=product&#038;p=23297"},"modified":"2026-01-15T22:10:36","modified_gmt":"2026-01-15T21:10:36","slug":"anita","status":"publish","type":"product","link":"https:\/\/zirulabag.com\/fr\/produit-2\/anita\/","title":{"rendered":"Anita"},"content":{"rendered":"<p>Anita est la star incontest\u00e9e de cette premi\u00e8re collection de Zirula. Une pi\u00e8ce essentielle et unique qui allie \u00e9l\u00e9gance et vivacit\u00e9. L'impression ext\u00e9rieure en quadrichromie attire le regard par son style unique, tandis que l'int\u00e9rieur r\u00e9v\u00e8le une doublure unicolore qui cr\u00e9e un contraste raffin\u00e9 et surprenant. Ce jeu d'oppositions visuelles fait d'Anita une d\u00e9claration de style.<\/p>\n<p>Dot\u00e9 d'une grande capacit\u00e9 et de poign\u00e9es pratiques, il est parfait pour un usage quotidien, du travail aux loisirs, sans jamais faire de compromis sur l'\u00e9l\u00e9gance. Pi\u00e8ce ma\u00eetresse de la collection, le sac Anita incarne l'id\u00e9e d'une f\u00e9minit\u00e9 moderne et dynamique, toujours au fait des tendances.<\/p>\n<p>&nbsp;<\/p>","protected":false},"excerpt":{"rendered":"<p>Sac \u00e0 main<\/p>","protected":false},"featured_media":23801,"comment_status":"open","ping_status":"closed","template":"","meta":{"inline_featured_image":false,"_kad_post_transparent":"default","_kad_post_title":"","_kad_post_layout":"default","_kad_post_sidebar_id":"","_kad_post_content_style":"default","_kad_post_vertical_padding":"default","_kad_post_feature":"","_kad_post_feature_position":"","_kad_post_header":false,"_kad_post_footer":false,"_kad_post_classname":""},"product_brand":[],"product_cat":[39],"product_tag":[],"class_list":{"0":"post-23297","1":"product","2":"type-product","3":"status-publish","4":"has-post-thumbnail","6":"product_cat-borse","8":"first","9":"instock","10":"shipping-taxable","11":"purchasable","12":"product-type-simple","13":"entry","14":"content-bg","15":"loop-entry"},"_links":{"self":[{"href":"https:\/\/zirulabag.com\/fr\/wp-json\/wp\/v2\/product\/23297","targetHints":{"allow":["GET"]}}],"collection":[{"href":"https:\/\/zirulabag.com\/fr\/wp-json\/wp\/v2\/product"}],"about":[{"href":"https:\/\/zirulabag.com\/fr\/wp-json\/wp\/v2\/types\/product"}],"replies":[{"embeddable":true,"href":"https:\/\/zirulabag.com\/fr\/wp-json\/wp\/v2\/comments?post=23297"}],"wp:featuredmedia":[{"embeddable":true,"href":"https:\/\/zirulabag.com\/fr\/wp-json\/wp\/v2\/media\/23801"}],"wp:attachment":[{"href":"https:\/\/zirulabag.com\/fr\/wp-json\/wp\/v2\/media?parent=23297"}],"wp:term":[{"taxonomy":"product_brand","embeddable":true,"href":"https:\/\/zirulabag.com\/fr\/wp-json\/wp\/v2\/product_brand?post=23297"},{"taxonomy":"product_cat","embeddable":true,"href":"https:\/\/zirulabag.com\/fr\/wp-json\/wp\/v2\/product_cat?post=23297"},{"taxonomy":"product_tag","embeddable":true,"href":"https:\/\/zirulabag.com\/fr\/wp-json\/wp\/v2\/product_tag?post=23297"}],"curies":[{"name":"wp","href":"https:\/\/api.w.org\/{rel}","templated":true}]}}