{"id":23716,"date":"2025-04-15T16:03:12","date_gmt":"2025-04-15T14:03:12","guid":{"rendered":"https:\/\/zirulabag.com\/?post_type=product&#038;p=23716"},"modified":"2026-01-14T11:32:00","modified_gmt":"2026-01-14T10:32:00","slug":"23716","status":"publish","type":"product","link":"https:\/\/zirulabag.com\/fr\/produit-2\/23716\/","title":{"rendered":"FOULARD 301"},"content":{"rendered":"<p>Un foulard qui c\u00e9l\u00e8bre la d\u00e9licatesse et l'intensit\u00e9 de la dualit\u00e9 int\u00e9rieure. L'imprim\u00e9 blanc, avec des jeux de lignes qui se rencontrent et se s\u00e9parent, repr\u00e9sente le dialogue continu entre les oppos\u00e9s : lumi\u00e8re et ombre, ordre et chaos, silence et mouvement.<\/p>\n<p>Cet accessoire unique capture l'essence de la complexit\u00e9 humaine avec \u00e9l\u00e9gance et modernit\u00e9, ajoutant une touche de sens profond \u00e0 chaque tenue. \"301\" est le symbole parfait pour ceux qui voient la beaut\u00e9 dans les contradictions et en font leur marque de fabrique.<\/p>","protected":false},"excerpt":{"rendered":"<p>Echarpe en soie raffin\u00e9e<\/p>","protected":false},"featured_media":23808,"comment_status":"open","ping_status":"closed","template":"","meta":{"inline_featured_image":false,"_kad_post_transparent":"default","_kad_post_title":"","_kad_post_layout":"default","_kad_post_sidebar_id":"","_kad_post_content_style":"default","_kad_post_vertical_padding":"default","_kad_post_feature":"","_kad_post_feature_position":"","_kad_post_header":false,"_kad_post_footer":false,"_kad_post_classname":""},"product_brand":[],"product_cat":[44],"product_tag":[],"class_list":{"0":"post-23716","1":"product","2":"type-product","3":"status-publish","4":"has-post-thumbnail","6":"product_cat-foulard","8":"first","9":"instock","10":"shipping-taxable","11":"purchasable","12":"product-type-simple","13":"entry","14":"content-bg","15":"loop-entry"},"_links":{"self":[{"href":"https:\/\/zirulabag.com\/fr\/wp-json\/wp\/v2\/product\/23716","targetHints":{"allow":["GET"]}}],"collection":[{"href":"https:\/\/zirulabag.com\/fr\/wp-json\/wp\/v2\/product"}],"about":[{"href":"https:\/\/zirulabag.com\/fr\/wp-json\/wp\/v2\/types\/product"}],"replies":[{"embeddable":true,"href":"https:\/\/zirulabag.com\/fr\/wp-json\/wp\/v2\/comments?post=23716"}],"wp:featuredmedia":[{"embeddable":true,"href":"https:\/\/zirulabag.com\/fr\/wp-json\/wp\/v2\/media\/23808"}],"wp:attachment":[{"href":"https:\/\/zirulabag.com\/fr\/wp-json\/wp\/v2\/media?parent=23716"}],"wp:term":[{"taxonomy":"product_brand","embeddable":true,"href":"https:\/\/zirulabag.com\/fr\/wp-json\/wp\/v2\/product_brand?post=23716"},{"taxonomy":"product_cat","embeddable":true,"href":"https:\/\/zirulabag.com\/fr\/wp-json\/wp\/v2\/product_cat?post=23716"},{"taxonomy":"product_tag","embeddable":true,"href":"https:\/\/zirulabag.com\/fr\/wp-json\/wp\/v2\/product_tag?post=23716"}],"curies":[{"name":"wp","href":"https:\/\/api.w.org\/{rel}","templated":true}]}}