{"id":23724,"date":"2025-04-15T16:40:52","date_gmt":"2025-04-15T14:40:52","guid":{"rendered":"https:\/\/zirulabag.com\/?post_type=product&#038;p=23724"},"modified":"2026-01-14T11:30:08","modified_gmt":"2026-01-14T10:30:08","slug":"foulard-303","status":"publish","type":"product","link":"https:\/\/zirulabag.com\/fr\/produit-2\/foulard-303\/","title":{"rendered":"FOULARD 305"},"content":{"rendered":"<p>Un foulard qui raconte la beaut\u00e9 de la dualit\u00e9 \u00e0 travers un design essentiel en noir et blanc. Le graphisme, fait de contrastes nets et de d\u00e9tails fluides, repr\u00e9sente le voyage \u00e9motionnel entre les oppos\u00e9s : lumi\u00e8re et ombre, s\u00e9r\u00e9nit\u00e9 et intensit\u00e9, dans un dialogue continu qui trouve l'harmonie dans le mouvement.<\/p>\n<p>\"305\" est plus qu'un accessoire : c'est un symbole d'introspection et de force, con\u00e7u pour ceux qui embrassent leurs nuances avec \u00e9l\u00e9gance et authenticit\u00e9. Parfait pour ajouter une touche de sens et de sophistication \u00e0 n'importe quel look.<\/p>","protected":false},"excerpt":{"rendered":"<p>Echarpe en soie raffin\u00e9e<\/p>","protected":false},"featured_media":23733,"comment_status":"open","ping_status":"closed","template":"","meta":{"inline_featured_image":false,"_kad_post_transparent":"default","_kad_post_title":"","_kad_post_layout":"default","_kad_post_sidebar_id":"","_kad_post_content_style":"default","_kad_post_vertical_padding":"default","_kad_post_feature":"","_kad_post_feature_position":"","_kad_post_header":false,"_kad_post_footer":false,"_kad_post_classname":""},"product_brand":[],"product_cat":[44],"product_tag":[],"class_list":{"0":"post-23724","1":"product","2":"type-product","3":"status-publish","4":"has-post-thumbnail","6":"product_cat-foulard","8":"first","9":"instock","10":"shipping-taxable","11":"purchasable","12":"product-type-simple","13":"entry","14":"content-bg","15":"loop-entry"},"_links":{"self":[{"href":"https:\/\/zirulabag.com\/fr\/wp-json\/wp\/v2\/product\/23724","targetHints":{"allow":["GET"]}}],"collection":[{"href":"https:\/\/zirulabag.com\/fr\/wp-json\/wp\/v2\/product"}],"about":[{"href":"https:\/\/zirulabag.com\/fr\/wp-json\/wp\/v2\/types\/product"}],"replies":[{"embeddable":true,"href":"https:\/\/zirulabag.com\/fr\/wp-json\/wp\/v2\/comments?post=23724"}],"wp:featuredmedia":[{"embeddable":true,"href":"https:\/\/zirulabag.com\/fr\/wp-json\/wp\/v2\/media\/23733"}],"wp:attachment":[{"href":"https:\/\/zirulabag.com\/fr\/wp-json\/wp\/v2\/media?parent=23724"}],"wp:term":[{"taxonomy":"product_brand","embeddable":true,"href":"https:\/\/zirulabag.com\/fr\/wp-json\/wp\/v2\/product_brand?post=23724"},{"taxonomy":"product_cat","embeddable":true,"href":"https:\/\/zirulabag.com\/fr\/wp-json\/wp\/v2\/product_cat?post=23724"},{"taxonomy":"product_tag","embeddable":true,"href":"https:\/\/zirulabag.com\/fr\/wp-json\/wp\/v2\/product_tag?post=23724"}],"curies":[{"name":"wp","href":"https:\/\/api.w.org\/{rel}","templated":true}]}}