{"id":23744,"date":"2025-04-15T16:57:41","date_gmt":"2025-04-15T14:57:41","guid":{"rendered":"https:\/\/zirulabag.com\/?post_type=product&#038;p=23744"},"modified":"2026-01-14T11:36:26","modified_gmt":"2026-01-14T10:36:26","slug":"echarpe-309","status":"publish","type":"product","link":"https:\/\/zirulabag.com\/fr\/produit-2\/echarpe-309\/","title":{"rendered":"FOULARD 309"},"content":{"rendered":"<p>Un foulard qui explore la dynamique \u00e9motionnelle \u00e0 travers des graphiques vibrants et color\u00e9s. Les nuances de couleurs alternent et se m\u00e9langent, symbolisant le contraste entre les moments de calme et d'intensit\u00e9, une repr\u00e9sentation visuelle des fluctuations de l'humeur.<\/p>\n<p>Cette pi\u00e8ce, pleine d'\u00e9nergie et de profondeur, capture l'essence d'\u00e9motions conflictuelles, ce qui en fait un accessoire qui raconte une histoire complexe et fascinante.<\/p>","protected":false},"excerpt":{"rendered":"<p>Echarpe en soie raffin\u00e9e<\/p>","protected":false},"featured_media":23748,"comment_status":"open","ping_status":"closed","template":"","meta":{"inline_featured_image":false,"_kad_post_transparent":"default","_kad_post_title":"","_kad_post_layout":"default","_kad_post_sidebar_id":"","_kad_post_content_style":"default","_kad_post_vertical_padding":"default","_kad_post_feature":"","_kad_post_feature_position":"","_kad_post_header":false,"_kad_post_footer":false,"_kad_post_classname":""},"product_brand":[],"product_cat":[44],"product_tag":[],"class_list":{"0":"post-23744","1":"product","2":"type-product","3":"status-publish","4":"has-post-thumbnail","6":"product_cat-foulard","8":"first","9":"instock","10":"shipping-taxable","11":"purchasable","12":"product-type-simple","13":"entry","14":"content-bg","15":"loop-entry"},"_links":{"self":[{"href":"https:\/\/zirulabag.com\/fr\/wp-json\/wp\/v2\/product\/23744","targetHints":{"allow":["GET"]}}],"collection":[{"href":"https:\/\/zirulabag.com\/fr\/wp-json\/wp\/v2\/product"}],"about":[{"href":"https:\/\/zirulabag.com\/fr\/wp-json\/wp\/v2\/types\/product"}],"replies":[{"embeddable":true,"href":"https:\/\/zirulabag.com\/fr\/wp-json\/wp\/v2\/comments?post=23744"}],"wp:featuredmedia":[{"embeddable":true,"href":"https:\/\/zirulabag.com\/fr\/wp-json\/wp\/v2\/media\/23748"}],"wp:attachment":[{"href":"https:\/\/zirulabag.com\/fr\/wp-json\/wp\/v2\/media?parent=23744"}],"wp:term":[{"taxonomy":"product_brand","embeddable":true,"href":"https:\/\/zirulabag.com\/fr\/wp-json\/wp\/v2\/product_brand?post=23744"},{"taxonomy":"product_cat","embeddable":true,"href":"https:\/\/zirulabag.com\/fr\/wp-json\/wp\/v2\/product_cat?post=23744"},{"taxonomy":"product_tag","embeddable":true,"href":"https:\/\/zirulabag.com\/fr\/wp-json\/wp\/v2\/product_tag?post=23744"}],"curies":[{"name":"wp","href":"https:\/\/api.w.org\/{rel}","templated":true}]}}