{"id":23763,"date":"2025-04-16T14:38:08","date_gmt":"2025-04-16T12:38:08","guid":{"rendered":"https:\/\/zirulabag.com\/?post_type=product&#038;p=23763"},"modified":"2026-01-14T11:39:49","modified_gmt":"2026-01-14T10:39:49","slug":"echarpe-307","status":"publish","type":"product","link":"https:\/\/zirulabag.com\/fr\/produit-2\/echarpe-307\/","title":{"rendered":"FOULARD 307"},"content":{"rendered":"<p>Un accessoire unique qui transforme le tissu en une histoire visuelle. Cette \u00e9charpe explore les dualit\u00e9s de l'existence \u00e0 travers un fascinant graphisme en spirale compos\u00e9 de mots entrelac\u00e9s dans un jeu de contrastes noir et blanc.<\/p>\n<p>Les tons oppos\u00e9s ne sont pas seulement un attrait esth\u00e9tique, mais aussi une repr\u00e9sentation po\u00e9tique des oscillations \u00e9motionnelles et de la complexit\u00e9 int\u00e9rieure. Une pi\u00e8ce qui c\u00e9l\u00e8bre la beaut\u00e9 de l'\u00e9quilibre entre l'ombre et la lumi\u00e8re, id\u00e9ale pour ceux qui recherchent des accessoires qui racontent une histoire profonde et personnelle.<\/p>","protected":false},"excerpt":{"rendered":"<p>Echarpe en soie raffin\u00e9e<\/p>","protected":false},"featured_media":23764,"comment_status":"open","ping_status":"closed","template":"","meta":{"inline_featured_image":false,"_kad_post_transparent":"default","_kad_post_title":"","_kad_post_layout":"default","_kad_post_sidebar_id":"","_kad_post_content_style":"default","_kad_post_vertical_padding":"default","_kad_post_feature":"","_kad_post_feature_position":"","_kad_post_header":false,"_kad_post_footer":false,"_kad_post_classname":""},"product_brand":[],"product_cat":[44],"product_tag":[],"class_list":{"0":"post-23763","1":"product","2":"type-product","3":"status-publish","4":"has-post-thumbnail","6":"product_cat-foulard","8":"first","9":"instock","10":"shipping-taxable","11":"purchasable","12":"product-type-simple","13":"entry","14":"content-bg","15":"loop-entry"},"_links":{"self":[{"href":"https:\/\/zirulabag.com\/fr\/wp-json\/wp\/v2\/product\/23763","targetHints":{"allow":["GET"]}}],"collection":[{"href":"https:\/\/zirulabag.com\/fr\/wp-json\/wp\/v2\/product"}],"about":[{"href":"https:\/\/zirulabag.com\/fr\/wp-json\/wp\/v2\/types\/product"}],"replies":[{"embeddable":true,"href":"https:\/\/zirulabag.com\/fr\/wp-json\/wp\/v2\/comments?post=23763"}],"wp:featuredmedia":[{"embeddable":true,"href":"https:\/\/zirulabag.com\/fr\/wp-json\/wp\/v2\/media\/23764"}],"wp:attachment":[{"href":"https:\/\/zirulabag.com\/fr\/wp-json\/wp\/v2\/media?parent=23763"}],"wp:term":[{"taxonomy":"product_brand","embeddable":true,"href":"https:\/\/zirulabag.com\/fr\/wp-json\/wp\/v2\/product_brand?post=23763"},{"taxonomy":"product_cat","embeddable":true,"href":"https:\/\/zirulabag.com\/fr\/wp-json\/wp\/v2\/product_cat?post=23763"},{"taxonomy":"product_tag","embeddable":true,"href":"https:\/\/zirulabag.com\/fr\/wp-json\/wp\/v2\/product_tag?post=23763"}],"curies":[{"name":"wp","href":"https:\/\/api.w.org\/{rel}","templated":true}]}}