{"id":23769,"date":"2025-04-16T14:46:18","date_gmt":"2025-04-16T12:46:18","guid":{"rendered":"https:\/\/zirulabag.com\/?post_type=product&#038;p=23769"},"modified":"2026-01-14T11:38:34","modified_gmt":"2026-01-14T10:38:34","slug":"foulard-311","status":"publish","type":"product","link":"https:\/\/zirulabag.com\/fr\/produit-2\/foulard-311\/","title":{"rendered":"FOULARD 311"},"content":{"rendered":"<p>Un foulard qui capture l'essence des fluctuations \u00e9motionnelles \u00e0 travers des graphiques fluides et dynamiques. Les mots fusionnent et s'entrelacent dans un dessin en noir et blanc, symbolisant le mouvement continu entre les hauts et les bas, une repr\u00e9sentation visuelle de l'esprit en constante oscillation.<\/p>\n<p>Un accessoire \u00e9l\u00e9gant qui refl\u00e8te la complexit\u00e9 int\u00e9rieure et la beaut\u00e9 des \u00e9motions contradictoires.<\/p>","protected":false},"excerpt":{"rendered":"<p>Echarpe en soie raffin\u00e9e<\/p>","protected":false},"featured_media":23773,"comment_status":"open","ping_status":"closed","template":"","meta":{"inline_featured_image":false,"_kad_post_transparent":"default","_kad_post_title":"","_kad_post_layout":"default","_kad_post_sidebar_id":"","_kad_post_content_style":"default","_kad_post_vertical_padding":"default","_kad_post_feature":"","_kad_post_feature_position":"","_kad_post_header":false,"_kad_post_footer":false,"_kad_post_classname":""},"product_brand":[],"product_cat":[44],"product_tag":[],"class_list":{"0":"post-23769","1":"product","2":"type-product","3":"status-publish","4":"has-post-thumbnail","6":"product_cat-foulard","8":"first","9":"instock","10":"shipping-taxable","11":"purchasable","12":"product-type-simple","13":"entry","14":"content-bg","15":"loop-entry"},"_links":{"self":[{"href":"https:\/\/zirulabag.com\/fr\/wp-json\/wp\/v2\/product\/23769","targetHints":{"allow":["GET"]}}],"collection":[{"href":"https:\/\/zirulabag.com\/fr\/wp-json\/wp\/v2\/product"}],"about":[{"href":"https:\/\/zirulabag.com\/fr\/wp-json\/wp\/v2\/types\/product"}],"replies":[{"embeddable":true,"href":"https:\/\/zirulabag.com\/fr\/wp-json\/wp\/v2\/comments?post=23769"}],"wp:featuredmedia":[{"embeddable":true,"href":"https:\/\/zirulabag.com\/fr\/wp-json\/wp\/v2\/media\/23773"}],"wp:attachment":[{"href":"https:\/\/zirulabag.com\/fr\/wp-json\/wp\/v2\/media?parent=23769"}],"wp:term":[{"taxonomy":"product_brand","embeddable":true,"href":"https:\/\/zirulabag.com\/fr\/wp-json\/wp\/v2\/product_brand?post=23769"},{"taxonomy":"product_cat","embeddable":true,"href":"https:\/\/zirulabag.com\/fr\/wp-json\/wp\/v2\/product_cat?post=23769"},{"taxonomy":"product_tag","embeddable":true,"href":"https:\/\/zirulabag.com\/fr\/wp-json\/wp\/v2\/product_tag?post=23769"}],"curies":[{"name":"wp","href":"https:\/\/api.w.org\/{rel}","templated":true}]}}