{"id":23937,"date":"2025-06-18T12:27:23","date_gmt":"2025-06-18T10:27:23","guid":{"rendered":"https:\/\/zirulabag.com\/?post_type=product&#038;p=23937"},"modified":"2026-04-17T14:59:49","modified_gmt":"2026-04-17T12:59:49","slug":"porte-cles-979","status":"publish","type":"product","link":"https:\/\/zirulabag.com\/fr\/produit-2\/porte-cles-979\/","title":{"rendered":"ANNEAU PORTE-CL\u00c9S 979"},"content":{"rendered":"<p>Un accessoire qui incarne l'essence de Zirulabag : dualit\u00e9, contraste et style. Avec son design audacieux et tridimensionnel, ce porte-cl\u00e9s bomb\u00e9 fait \u00e9cho au monogramme iconique double face en miroir, symbole de la marque.<\/p>\n<p>Con\u00e7u comme une pi\u00e8ce ind\u00e9pendante, il est vendu s\u00e9par\u00e9ment de la collection principale et se pr\u00eate \u00e0 de multiples utilisations : d'une breloque distinctive pour votre sac \u00e0 main \u00e0 un d\u00e9tail personnel pour vos cl\u00e9s. Un objet qui ne suit pas les r\u00e8gles, mais les r\u00e9invente. Comme vous.<\/p>\n<p>&nbsp;<\/p>","protected":false},"excerpt":{"rendered":"<p>Porte-cl\u00e9s embl\u00e9matique qui r\u00e9sume l'essence de Zirulabag<\/p>","protected":false},"featured_media":23938,"comment_status":"open","ping_status":"closed","template":"","meta":{"inline_featured_image":false,"_kad_post_transparent":"default","_kad_post_title":"","_kad_post_layout":"default","_kad_post_sidebar_id":"","_kad_post_content_style":"default","_kad_post_vertical_padding":"default","_kad_post_feature":"","_kad_post_feature_position":"","_kad_post_header":false,"_kad_post_footer":false,"_kad_post_classname":""},"product_brand":[],"product_cat":[46],"product_tag":[],"class_list":{"0":"post-23937","1":"product","2":"type-product","3":"status-publish","4":"has-post-thumbnail","6":"product_cat-portachiavi","8":"first","9":"instock","10":"shipping-taxable","11":"purchasable","12":"product-type-simple","13":"entry","14":"content-bg","15":"loop-entry"},"_links":{"self":[{"href":"https:\/\/zirulabag.com\/fr\/wp-json\/wp\/v2\/product\/23937","targetHints":{"allow":["GET"]}}],"collection":[{"href":"https:\/\/zirulabag.com\/fr\/wp-json\/wp\/v2\/product"}],"about":[{"href":"https:\/\/zirulabag.com\/fr\/wp-json\/wp\/v2\/types\/product"}],"replies":[{"embeddable":true,"href":"https:\/\/zirulabag.com\/fr\/wp-json\/wp\/v2\/comments?post=23937"}],"wp:featuredmedia":[{"embeddable":true,"href":"https:\/\/zirulabag.com\/fr\/wp-json\/wp\/v2\/media\/23938"}],"wp:attachment":[{"href":"https:\/\/zirulabag.com\/fr\/wp-json\/wp\/v2\/media?parent=23937"}],"wp:term":[{"taxonomy":"product_brand","embeddable":true,"href":"https:\/\/zirulabag.com\/fr\/wp-json\/wp\/v2\/product_brand?post=23937"},{"taxonomy":"product_cat","embeddable":true,"href":"https:\/\/zirulabag.com\/fr\/wp-json\/wp\/v2\/product_cat?post=23937"},{"taxonomy":"product_tag","embeddable":true,"href":"https:\/\/zirulabag.com\/fr\/wp-json\/wp\/v2\/product_tag?post=23937"}],"curies":[{"name":"wp","href":"https:\/\/api.w.org\/{rel}","templated":true}]}}