{"id":24019,"date":"2025-10-09T14:46:00","date_gmt":"2025-10-09T12:46:00","guid":{"rendered":"https:\/\/zirulabag.com\/?post_type=product&#038;p=24019"},"modified":"2026-01-14T11:44:56","modified_gmt":"2026-01-14T10:44:56","slug":"echarpe-313","status":"publish","type":"product","link":"https:\/\/zirulabag.com\/fr\/produit-2\/echarpe-313\/","title":{"rendered":"SCARF 313"},"content":{"rendered":"<p>Une explosion de couleurs contr\u00f4l\u00e9e, un \u00e9quilibre instable qui trouve sa forme : \u2018\u2018313\u2019\u2019 est l'\u00e9charpe de Zirulabag qui porte la dualit\u00e9 vers de nouveaux horizons visuels. Ses dimensions en font un accessoire transformiste, capable de s'adapter \u00e0 votre style avec caract\u00e8re et l\u00e9g\u00e8ret\u00e9.<\/p>\n<p>L'impression all over du logo se fond dans une palette vibrante et inattendue, o\u00f9 chaque teinte raconte un fragment d'identit\u00e9. \u2018\u2018313\u2018\u2018 ne suit pas les r\u00e8gles : il les r\u00e9invente. C'est la tension entre l'ordre et le chaos, entre la structure et l'instinct, traduite en tissu.<\/p>","protected":false},"excerpt":{"rendered":"<p>Echarpe en soie<\/p>","protected":false},"featured_media":24021,"comment_status":"open","ping_status":"closed","template":"","meta":{"inline_featured_image":false,"_kad_post_transparent":"default","_kad_post_title":"","_kad_post_layout":"default","_kad_post_sidebar_id":"","_kad_post_content_style":"default","_kad_post_vertical_padding":"default","_kad_post_feature":"","_kad_post_feature_position":"","_kad_post_header":false,"_kad_post_footer":false,"_kad_post_classname":""},"product_brand":[],"product_cat":[48],"product_tag":[],"class_list":{"0":"post-24019","1":"product","2":"type-product","3":"status-publish","4":"has-post-thumbnail","6":"product_cat-sciarpe","8":"first","9":"instock","10":"shipping-taxable","11":"purchasable","12":"product-type-simple","13":"entry","14":"content-bg","15":"loop-entry"},"_links":{"self":[{"href":"https:\/\/zirulabag.com\/fr\/wp-json\/wp\/v2\/product\/24019","targetHints":{"allow":["GET"]}}],"collection":[{"href":"https:\/\/zirulabag.com\/fr\/wp-json\/wp\/v2\/product"}],"about":[{"href":"https:\/\/zirulabag.com\/fr\/wp-json\/wp\/v2\/types\/product"}],"replies":[{"embeddable":true,"href":"https:\/\/zirulabag.com\/fr\/wp-json\/wp\/v2\/comments?post=24019"}],"wp:featuredmedia":[{"embeddable":true,"href":"https:\/\/zirulabag.com\/fr\/wp-json\/wp\/v2\/media\/24021"}],"wp:attachment":[{"href":"https:\/\/zirulabag.com\/fr\/wp-json\/wp\/v2\/media?parent=24019"}],"wp:term":[{"taxonomy":"product_brand","embeddable":true,"href":"https:\/\/zirulabag.com\/fr\/wp-json\/wp\/v2\/product_brand?post=24019"},{"taxonomy":"product_cat","embeddable":true,"href":"https:\/\/zirulabag.com\/fr\/wp-json\/wp\/v2\/product_cat?post=24019"},{"taxonomy":"product_tag","embeddable":true,"href":"https:\/\/zirulabag.com\/fr\/wp-json\/wp\/v2\/product_tag?post=24019"}],"curies":[{"name":"wp","href":"https:\/\/api.w.org\/{rel}","templated":true}]}}