{"id":24023,"date":"2025-10-09T15:06:28","date_gmt":"2025-10-09T13:06:28","guid":{"rendered":"https:\/\/zirulabag.com\/?post_type=product&#038;p=24023"},"modified":"2026-04-18T08:08:51","modified_gmt":"2026-04-18T06:08:51","slug":"echarpe-315","status":"publish","type":"product","link":"https:\/\/zirulabag.com\/fr\/produit-2\/echarpe-315\/","title":{"rendered":"SCARF 315"},"content":{"rendered":"<p>Enveloppant comme une pens\u00e9e transformatrice, \u2018\u2018315\u2019\u2019 incarne la vision de la marque : la beaut\u00e9 de la dualit\u00e9. R\u00e9alis\u00e9 dans un tissu l\u00e9ger et polyvalent, il mesure 40\u00d7140 cm - parfait pour \u00eatre port\u00e9 \u00e9l\u00e9gamment autour du cou, nou\u00e9 dans les cheveux ou comme d\u00e9tail iconique sur un sac \u00e0 main.<\/p>\n<p>L'impression du logo de Zirulabag se d\u00e9veloppe comme un motif fluide et dynamique, alternant les pleins et les vides, la lumi\u00e8re et l'obscurit\u00e9, la mati\u00e8re et l'esprit. Un hommage visuel \u00e0 la philosophie de la marque, qui explore le contraste comme une forme d'harmonie. Plus qu'un accessoire, c'est un manifeste. Un signe distinctif pour ceux qui choisissent de raconter leur histoire dans les moindres d\u00e9tails.<\/p>","protected":false},"excerpt":{"rendered":"<p>Echarpe en soie<\/p>","protected":false},"featured_media":24037,"comment_status":"open","ping_status":"closed","template":"","meta":{"inline_featured_image":false,"_kad_post_transparent":"default","_kad_post_title":"","_kad_post_layout":"default","_kad_post_sidebar_id":"","_kad_post_content_style":"default","_kad_post_vertical_padding":"default","_kad_post_feature":"","_kad_post_feature_position":"","_kad_post_header":false,"_kad_post_footer":false,"_kad_post_classname":""},"product_brand":[],"product_cat":[48],"product_tag":[],"class_list":{"0":"post-24023","1":"product","2":"type-product","3":"status-publish","4":"has-post-thumbnail","6":"product_cat-sciarpe","8":"first","9":"instock","10":"shipping-taxable","11":"purchasable","12":"product-type-simple","13":"entry","14":"content-bg","15":"loop-entry"},"_links":{"self":[{"href":"https:\/\/zirulabag.com\/fr\/wp-json\/wp\/v2\/product\/24023","targetHints":{"allow":["GET"]}}],"collection":[{"href":"https:\/\/zirulabag.com\/fr\/wp-json\/wp\/v2\/product"}],"about":[{"href":"https:\/\/zirulabag.com\/fr\/wp-json\/wp\/v2\/types\/product"}],"replies":[{"embeddable":true,"href":"https:\/\/zirulabag.com\/fr\/wp-json\/wp\/v2\/comments?post=24023"}],"wp:featuredmedia":[{"embeddable":true,"href":"https:\/\/zirulabag.com\/fr\/wp-json\/wp\/v2\/media\/24037"}],"wp:attachment":[{"href":"https:\/\/zirulabag.com\/fr\/wp-json\/wp\/v2\/media?parent=24023"}],"wp:term":[{"taxonomy":"product_brand","embeddable":true,"href":"https:\/\/zirulabag.com\/fr\/wp-json\/wp\/v2\/product_brand?post=24023"},{"taxonomy":"product_cat","embeddable":true,"href":"https:\/\/zirulabag.com\/fr\/wp-json\/wp\/v2\/product_cat?post=24023"},{"taxonomy":"product_tag","embeddable":true,"href":"https:\/\/zirulabag.com\/fr\/wp-json\/wp\/v2\/product_tag?post=24023"}],"curies":[{"name":"wp","href":"https:\/\/api.w.org\/{rel}","templated":true}]}}